{"id":12954,"date":"2023-09-01T08:23:10","date_gmt":"2023-09-01T08:23:10","guid":{"rendered":"https:\/\/elliescakes.uk\/?page_id=12954"},"modified":"2025-02-11T20:31:22","modified_gmt":"2025-02-11T20:31:22","slug":"privacy-policy","status":"publish","type":"page","link":"https:\/\/elliescakes.uk\/ro\/privacy-policy\/","title":{"rendered":"Privacy Policy"},"content":{"rendered":"<div data-elementor-type=\"wp-page\" data-elementor-id=\"12954\" class=\"elementor elementor-12954\">\n\t\t\t\t\t\t<section class=\"elementor-section elementor-top-section elementor-element elementor-element-62c8294 elementor-section-boxed elementor-section-height-default elementor-section-height-default sc_fly_static\" data-id=\"62c8294\" data-element_type=\"section\" data-settings=\"{&quot;background_background&quot;:&quot;classic&quot;}\">\n\t\t\t\t\t\t<div class=\"elementor-container elementor-column-gap-extended\">\n\t\t\t\t\t<div class=\"elementor-column elementor-col-100 elementor-top-column elementor-element elementor-element-7489826 sc_content_align_inherit sc_layouts_column_icons_position_left sc_fly_static\" data-id=\"7489826\" data-element_type=\"column\">\n\t\t\t<div class=\"elementor-widget-wrap elementor-element-populated\">\n\t\t\t\t\t\t<div class=\"elementor-element elementor-element-33afe44 sc_fly_static elementor-widget elementor-widget-text-editor\" data-id=\"33afe44\" data-element_type=\"widget\" data-widget_type=\"text-editor.default\">\n\t\t\t\t<div class=\"elementor-widget-container\">\n\t\t\t\t\t\t\t\t\t<p>Politica de confiden\u021bialitate pentru Ellie\u2019s Artisan Cakes<br \/>Compania: ELI LAB LTD<br \/>Adresa: 2 Agate Cl, Twyford Abbey Rd, London NW10 7FJ, United Kingdom<br \/>Website: <a href=\"http:\/\/www.elliescakes.co.uk\/\">www.elliescakes.co.uk<\/a><\/p>\t\t\t\t\t\t\t\t<\/div>\n\t\t\t\t<\/div>\n\t\t\t\t\t<\/div>\n\t\t<\/div>\n\t\t\t\t\t<\/div>\n\t\t<\/section>\n\t\t\t\t<section class=\"elementor-section elementor-top-section elementor-element elementor-element-6b267e8d elementor-section-boxed elementor-section-height-default elementor-section-height-default sc_fly_static\" data-id=\"6b267e8d\" data-element_type=\"section\" data-settings=\"{&quot;background_background&quot;:&quot;classic&quot;}\">\n\t\t\t\t\t\t<div class=\"elementor-container elementor-column-gap-extended\">\n\t\t\t\t\t<div class=\"elementor-column elementor-col-100 elementor-top-column elementor-element elementor-element-319f2457 sc_content_align_inherit sc_layouts_column_icons_position_left sc_fly_static\" data-id=\"319f2457\" data-element_type=\"column\">\n\t\t\t<div class=\"elementor-widget-wrap elementor-element-populated\">\n\t\t\t\t\t\t<div class=\"elementor-element elementor-element-b25890c sc_fly_static elementor-widget elementor-widget-spacer\" data-id=\"b25890c\" data-element_type=\"widget\" data-widget_type=\"spacer.default\">\n\t\t\t\t<div class=\"elementor-widget-container\">\n\t\t\t\t\t\t\t<div class=\"elementor-spacer\">\n\t\t\t<div class=\"elementor-spacer-inner\"><\/div>\n\t\t<\/div>\n\t\t\t\t\t\t<\/div>\n\t\t\t\t<\/div>\n\t\t\t\t<div class=\"elementor-element elementor-element-2980c66c sc_fly_static elementor-widget elementor-widget-text-editor\" data-id=\"2980c66c\" data-element_type=\"widget\" data-widget_type=\"text-editor.default\">\n\t\t\t\t<div class=\"elementor-widget-container\">\n\t\t\t\t\t\t\t\t\t<h5>\u00a0Introducere<\/h5><p>La Ellie\u2019s Artisan Cakes, suntem dedica\u021bi protej\u0103rii \u0219i respect\u0103rii datelor dumneavoastr\u0103 personale. \u00cen\u021belegem c\u0103 confiden\u021bialitatea este important\u0103 \u0219i avem mare grij\u0103 \u00een gestionarea informa\u021biilor pe care le \u00eemp\u0103rt\u0103\u0219i\u021bi cu noi. Aceast\u0103 Politic\u0103 de Confiden\u021bialitate descrie cum colect\u0103m, stoc\u0103m, utiliz\u0103m \u0219i protej\u0103m datele dumneavoastr\u0103 personale \u0219i cum pute\u021bi gestiona drepturile dumneavoastr\u0103 de confiden\u021bialitate.<\/p><p>Colect\u0103m date personale atunci c\u00e2nd alege\u021bi s\u0103 interac\u021biona\u021bi cu noi, fie vizit\u00e2nd site-ul nostru, comand\u00e2nd din magazinul nostru online sau comunic\u00e2nd cu noi prin alte canale. Aceast\u0103 politic\u0103 va explica cum utiliz\u0103m datele dumneavoastr\u0103 \u0219i m\u0103surile pe care le lu\u0103m pentru a ne asigura c\u0103 acestea r\u0103m\u00e2n \u00een siguran\u021b\u0103.<\/p>\t\t\t\t\t\t\t\t<\/div>\n\t\t\t\t<\/div>\n\t\t\t\t\t<\/div>\n\t\t<\/div>\n\t\t\t\t\t<\/div>\n\t\t<\/section>\n\t\t\t\t<section class=\"elementor-section elementor-top-section elementor-element elementor-element-42b7a987 elementor-section-boxed elementor-section-height-default elementor-section-height-default sc_fly_static\" data-id=\"42b7a987\" data-element_type=\"section\">\n\t\t\t\t\t\t<div class=\"elementor-container elementor-column-gap-extended\">\n\t\t\t\t\t<div class=\"elementor-column elementor-col-100 elementor-top-column elementor-element elementor-element-65b15377 sc_content_align_inherit sc_layouts_column_icons_position_left sc_fly_static\" data-id=\"65b15377\" data-element_type=\"column\">\n\t\t\t<div class=\"elementor-widget-wrap elementor-element-populated\">\n\t\t\t\t\t\t<div class=\"elementor-element elementor-element-759263e6 sc_fly_static elementor-widget elementor-widget-spacer\" data-id=\"759263e6\" data-element_type=\"widget\" data-widget_type=\"spacer.default\">\n\t\t\t\t<div class=\"elementor-widget-container\">\n\t\t\t\t\t\t\t<div class=\"elementor-spacer\">\n\t\t\t<div class=\"elementor-spacer-inner\"><\/div>\n\t\t<\/div>\n\t\t\t\t\t\t<\/div>\n\t\t\t\t<\/div>\n\t\t\t\t\t<\/div>\n\t\t<\/div>\n\t\t\t\t\t<\/div>\n\t\t<\/section>\n\t\t\t\t<section class=\"elementor-section elementor-top-section elementor-element elementor-element-3f08b07a elementor-section-boxed elementor-section-height-default elementor-section-height-default sc_fly_static\" data-id=\"3f08b07a\" data-element_type=\"section\" data-settings=\"{&quot;background_background&quot;:&quot;classic&quot;}\">\n\t\t\t\t\t\t<div class=\"elementor-container elementor-column-gap-extended\">\n\t\t\t\t\t<div class=\"elementor-column elementor-col-100 elementor-top-column elementor-element elementor-element-392345bc sc_content_align_inherit sc_layouts_column_icons_position_left sc_fly_static\" data-id=\"392345bc\" data-element_type=\"column\">\n\t\t\t<div class=\"elementor-widget-wrap elementor-element-populated\">\n\t\t\t\t\t\t<div class=\"elementor-element elementor-element-4b0b428 sc_fly_static elementor-widget elementor-widget-text-editor\" data-id=\"4b0b428\" data-element_type=\"widget\" data-widget_type=\"text-editor.default\">\n\t\t\t\t<div class=\"elementor-widget-container\">\n\t\t\t\t\t\t\t\t\t<h5>Cadrul legal pe care ne baz\u0103m<\/h5><h6>Ne baz\u0103m pe mai multe temeiuri legale pentru a prelucra datele dumneavoastr\u0103 personale, inclusiv:<\/h6><ul><li>Consim\u021b\u0103m\u00e2nt: Putem colecta \u0219i prelucra datele dumneavoastr\u0103 dac\u0103 ne-a\u021bi acordat consim\u021b\u0103m\u00e2ntul explicit, cum ar fi atunci c\u00e2nd v\u0103 abona\u021bi la actualiz\u0103ri, buletine informative sau promo\u021bii.<\/li><li>Interes legitim: \u00cen unele cazuri, colect\u0103m \u0219i prelucr\u0103m datele dumneavoastr\u0103 pentru a urm\u0103ri interesele noastre comerciale legitime, cum ar fi asigurarea c\u0103 primi\u021bi informa\u021bii relevante pe baza interac\u021biunilor anterioare.<\/li><li>Obliga\u021bie contractual\u0103: Este posibil s\u0103 avem nevoie de datele dumneavoastr\u0103 personale pentru a \u00eendeplini un contract cu dumneavoastr\u0103, cum ar fi procesarea comenzilor sau livr\u0103rilor.<\/li><li>Conformitate legal\u0103: Dac\u0103 este cerut de lege, poate fi necesar s\u0103 prelucr\u0103m datele dumneavoastr\u0103 pentru a \u00eendeplini obliga\u021bii legale.<\/li><\/ul><p><strong>C\u00e2nd colect\u0103m datele dumneavoastr\u0103 personale?<\/strong><\/p><p>Colect\u0103m datele dumneavoastr\u0103 personale c\u00e2nd:<\/p><ul><li>Vizita\u021bi site-ul nostru \u0219i furniza\u021bi informa\u021bii despre dumneavoastr\u0103.<\/li><li>Plasa\u021bi o comand\u0103 pe site-ul nostru sau interac\u021biona\u021bi cu noi pentru asisten\u021b\u0103 clien\u021bi.<\/li><li>V\u0103 abona\u021bi la newsletter-ul nostru sau la orice material promo\u021bional.<\/li><li>Interac\u021biona\u021bi cu noi pe platformele de socializare.<\/li><li>Participa\u021bi la un concurs sau o tragere la sor\u021bi.<\/li><li>Furniza\u021bi detalii personale sau profesionale atunci c\u00e2nd aplica\u021bi pentru un loc de munc\u0103 la noi.<\/li><\/ul><p><strong>Ce date personale colect\u0103m?<\/strong><\/p><p>Colect\u0103m urm\u0103toarele tipuri de date personale, \u00een func\u021bie de modul \u00een care interac\u021biona\u021bi cu noi:<\/p><ul><li>Date personale: Numele, adresa de email, num\u0103rul de telefon \u0219i adresa de facturare\/livrare.<\/li><li>Date de tranzac\u021bie: Informa\u021bii legate de achizi\u021bionarea produselor sau serviciilor noastre.<\/li><li>Date de comunicare: Orice coresponden\u021b\u0103 \u00eentre dumneavoastr\u0103 \u0219i echipa noastr\u0103 de asisten\u021b\u0103 clien\u021bi sau marketing.<\/li><li>Date tehnice: Adrese IP, tipul de browser, informa\u021bii despre dispozitiv \u0219i activitatea de navigare pe site-ul nostru.<\/li><\/ul><p><strong>Cum utiliz\u0103m datele dumneavoastr\u0103 personale?<\/strong><\/p><p>Utiliz\u0103m datele dumneavoastr\u0103 personale \u00een urm\u0103toarele scopuri:<\/p><ul><li>Pentru a procesa comenzile \u0219i a \u00eendeplini cerin\u021bele dumneavoastr\u0103 privind produsele \u0219i serviciile noastre.<\/li><li>Pentru a v\u0103 trimite oferte promo\u021bionale, reduceri sau buletine informative, dac\u0103 a\u021bi consim\u021bit s\u0103 le primi\u021bi.<\/li><li>Pentru a personaliza experien\u021ba dumneavoastr\u0103 pe site-ul nostru \u0219i a \u00eembun\u0103t\u0103\u021bi serviciile noastre pe baza preferin\u021belor dumneavoastr\u0103.<\/li><li>Pentru a comunica cu dumneavoastr\u0103 \u00een leg\u0103tur\u0103 cu comenzile, feedback-ul sau cerin\u021bele dumneavoastr\u0103.<\/li><li>Pentru a desf\u0103\u0219ura activit\u0103\u021bi de cercetare \u0219i marketing, cum ar fi sondaje de satisfac\u021bie a clien\u021bilor.<\/li><\/ul><p><strong>Cum protej\u0103m datele dumneavoastr\u0103 personale?<\/strong><\/p><p>Suntem dedica\u021bi securiz\u0103rii datelor dumneavoastr\u0103 personale \u0219i lu\u0103m urm\u0103toarele m\u0103suri pentru a le proteja:<\/p><ul><li>Acces securizat la toate zonele tranzac\u021bionale ale site-ului nostru prin utilizarea conexiunilor criptate (HTTPS).<\/li><li>Stocarea datelor dumneavoastr\u0103 \u00een sisteme securizate cu protec\u021bie prin parol\u0103 \u0219i utilizarea cript\u0103rii SSL pentru informa\u021biile sensibile (de exemplu, detalii de plat\u0103).<\/li><li>Monitorizarea regulat\u0103 a sistemelor noastre pentru a detecta \u0219i preveni accesul neautorizat.<\/li><\/ul><p><strong>C\u00e2t timp vom p\u0103stra datele dumneavoastr\u0103 personale?<\/strong><\/p><p>Vom p\u0103stra datele dumneavoastr\u0103 personale doar at\u00e2t timp c\u00e2t este necesar pentru a \u00eendeplini scopurile pentru care au fost colectate, inclusiv cerin\u021bele legale, contabile sau de raportare.<\/p><p>Odat\u0103 ce datele dumneavoastr\u0103 personale nu mai sunt necesare, acestea vor fi \u0219terse sau anonimizate \u00een siguran\u021b\u0103.<\/p><p><strong>Cu cine \u00eemp\u0103rt\u0103\u0219im datele dumneavoastr\u0103 personale?<\/strong><\/p><p>Este posibil s\u0103 \u00eemp\u0103rt\u0103\u0219im datele dumneavoastr\u0103 personale cu ter\u021be p\u0103r\u021bi pentru urm\u0103toarele scopuri:<\/p><ul><li>Furnizori de servicii: \u00cemp\u0103rt\u0103\u0219im datele dumneavoastr\u0103 cu furnizori ter\u021bi (de exemplu, procesatori de pl\u0103\u021bi, servicii de livrare) pentru a \u00eendeplini comenzile dumneavoastr\u0103.<\/li><li>Parteneri de marketing: Este posibil s\u0103 \u00eemp\u0103rt\u0103\u0219im datele dumneavoastr\u0103 cu parteneri de marketing de \u00eencredere \u00een scopuri promo\u021bionale.<\/li><li>Cerin\u021be legale: Dac\u0103 este cerut de lege, putem dezv\u0103lui datele dumneavoastr\u0103 personale autorit\u0103\u021bilor sau agen\u021biilor de reglementare.<\/li><\/ul><h5>Drepturile dumneavoastr\u0103 asupra datelor personale<\/h5><p>Ave\u021bi dreptul de a:<\/p><ul><li>Accesa \u0219i solicita o copie a datelor personale pe care le de\u021binem despre dumneavoastr\u0103.<\/li><li>Solicita corectarea datelor inexacte sau incomplete.<\/li><li>Solicita\u021bi \u0219tergerea datelor dumneavoastr\u0103 personale atunci c\u00e2nd nu mai este necesar s\u0103 le p\u0103str\u0103m.<\/li><li>Retrage\u021bi consim\u021b\u0103m\u00e2ntul de a primi comunica\u021bii de marketing.<\/li><li>Pute\u021bi contesta prelucrarea datelor dumneavoastr\u0103 personale pentru anumite scopuri.<\/li><\/ul><p>Dac\u0103 dori\u021bi s\u0103 v\u0103 exercita\u021bi oricare dintre aceste drepturi, v\u0103 rug\u0103m s\u0103 ne contacta\u021bi la contact@elliescakes.co.uk.<\/p>\t\t\t\t\t\t\t\t<\/div>\n\t\t\t\t<\/div>\n\t\t\t\t\t<\/div>\n\t\t<\/div>\n\t\t\t\t\t<\/div>\n\t\t<\/section>\n\t\t\t\t<section class=\"elementor-section elementor-top-section elementor-element elementor-element-9e3ba10 elementor-section-boxed elementor-section-height-default elementor-section-height-default sc_fly_static\" data-id=\"9e3ba10\" data-element_type=\"section\">\n\t\t\t\t\t\t<div class=\"elementor-container elementor-column-gap-extended\">\n\t\t\t\t\t<div class=\"elementor-column elementor-col-100 elementor-top-column elementor-element elementor-element-5e9a6138 sc_content_align_inherit sc_layouts_column_icons_position_left sc_fly_static\" data-id=\"5e9a6138\" data-element_type=\"column\">\n\t\t\t<div class=\"elementor-widget-wrap elementor-element-populated\">\n\t\t\t\t\t\t<div class=\"elementor-element elementor-element-69811248 sc_fly_static elementor-widget elementor-widget-spacer\" data-id=\"69811248\" data-element_type=\"widget\" data-widget_type=\"spacer.default\">\n\t\t\t\t<div class=\"elementor-widget-container\">\n\t\t\t\t\t\t\t<div class=\"elementor-spacer\">\n\t\t\t<div class=\"elementor-spacer-inner\"><\/div>\n\t\t<\/div>\n\t\t\t\t\t\t<\/div>\n\t\t\t\t<\/div>\n\t\t\t\t\t<\/div>\n\t\t<\/div>\n\t\t\t\t\t<\/div>\n\t\t<\/section>\n\t\t\t\t<section class=\"elementor-section elementor-top-section elementor-element elementor-element-f5fc1ca elementor-section-boxed elementor-section-height-default elementor-section-height-default sc_fly_static\" data-id=\"f5fc1ca\" data-element_type=\"section\" data-settings=\"{&quot;background_background&quot;:&quot;classic&quot;}\">\n\t\t\t\t\t\t<div class=\"elementor-container elementor-column-gap-extended\">\n\t\t\t\t\t<div class=\"elementor-column elementor-col-100 elementor-top-column elementor-element elementor-element-1b9e9ecd sc_content_align_inherit sc_layouts_column_icons_position_left sc_fly_static\" data-id=\"1b9e9ecd\" data-element_type=\"column\">\n\t\t\t<div class=\"elementor-widget-wrap elementor-element-populated\">\n\t\t\t\t\t\t<div class=\"elementor-element elementor-element-3c8cc557 sc_fly_static elementor-widget elementor-widget-text-editor\" data-id=\"3c8cc557\" data-element_type=\"widget\" data-widget_type=\"text-editor.default\">\n\t\t\t\t<div class=\"elementor-widget-container\">\n\t\t\t\t\t\t\t\t\t<h5>Cookies<\/h5><p>Folosim cookie-uri pentru a \u00eembun\u0103t\u0103\u021bi experien\u021ba dumneavoastr\u0103 de navigare. Cookie-urile ne ajut\u0103 s\u0103 analiz\u0103m traficul pe site, s\u0103 re\u021binem preferin\u021bele dumneavoastr\u0103 \u0219i s\u0103 asigur\u0103m func\u021bionarea corect\u0103 a site-ului nostru.<\/p><p>Pentru mai multe detalii despre cookie-urile pe care le utiliz\u0103m \u0219i modul \u00een care le folosim, v\u0103 rug\u0103m s\u0103 consulta\u021bi [Politica noastr\u0103 de cookie-uri].<\/p><h5>Transferul de date \u00een Spa\u021biul Economic European (SEE)<\/h5><p>Este posibil s\u0103 stoc\u0103m datele dumneavoastr\u0103 personale pe servere situate \u00een Spa\u021biul Economic European (SEE). C\u00e2nd se \u00eent\u00e2mpl\u0103 acest lucru, ne asigur\u0103m c\u0103 datele dumneavoastr\u0103 sunt protejate corespunz\u0103tor prin m\u0103suri de protec\u021bie adecvate, \u00een conformitate cu legisla\u021bia aplicabil\u0103 privind protec\u021bia datelor.<\/p><h5>Contact<\/h5><p>Dac\u0103 ave\u021bi \u00eentreb\u0103ri sau nel\u0103muriri cu privire la modul \u00een care prelucr\u0103m datele dumneavoastr\u0103 personale sau dac\u0103 dori\u021bi s\u0103 v\u0103 exercita\u021bi oricare dintre drepturile dumneavoastr\u0103, v\u0103 rug\u0103m s\u0103 ne contacta\u021bi la:<\/p><p><strong>Ellie\u2019s Artisan Cakes,<\/strong><br \/><strong>2 Agate Cl, Twyford Abbey Rd, London NW10 7FJ, United Kingdom<\/strong><br \/><strong>Email: contact@elliescakes.co.uk<\/strong><br \/><strong>Telefon: 07301 288573<\/strong><\/p>\t\t\t\t\t\t\t\t<\/div>\n\t\t\t\t<\/div>\n\t\t\t\t\t<\/div>\n\t\t<\/div>\n\t\t\t\t\t<\/div>\n\t\t<\/section>\n\t\t\t\t<\/div>","protected":false},"excerpt":{"rendered":"<p>Privacy Policy for Ellie\u2019s Artisan CakesCompany: ELI LAB LTDAddress: 2 Agate Cl, Twyford Abbey Rd, London NW10 7FJ, United KingdomWebsite: www.elliescakes.co.uk \u00a0Introduction At Ellie\u2019s Artisan Cakes, we are committed to&hellip;<\/p>","protected":false},"author":1,"featured_media":0,"parent":0,"menu_order":0,"comment_status":"closed","ping_status":"closed","template":"","meta":{"_monsterinsights_skip_tracking":false,"_monsterinsights_sitenote_active":false,"_monsterinsights_sitenote_note":"","_monsterinsights_sitenote_category":0,"footnotes":""},"class_list":["post-12954","page","type-page","status-publish","hentry"],"aioseo_notices":[],"_links":{"self":[{"href":"https:\/\/elliescakes.uk\/ro\/wp-json\/wp\/v2\/pages\/12954","targetHints":{"allow":["GET"]}}],"collection":[{"href":"https:\/\/elliescakes.uk\/ro\/wp-json\/wp\/v2\/pages"}],"about":[{"href":"https:\/\/elliescakes.uk\/ro\/wp-json\/wp\/v2\/types\/page"}],"author":[{"embeddable":true,"href":"https:\/\/elliescakes.uk\/ro\/wp-json\/wp\/v2\/users\/1"}],"replies":[{"embeddable":true,"href":"https:\/\/elliescakes.uk\/ro\/wp-json\/wp\/v2\/comments?post=12954"}],"version-history":[{"count":21,"href":"https:\/\/elliescakes.uk\/ro\/wp-json\/wp\/v2\/pages\/12954\/revisions"}],"predecessor-version":[{"id":44315,"href":"https:\/\/elliescakes.uk\/ro\/wp-json\/wp\/v2\/pages\/12954\/revisions\/44315"}],"wp:attachment":[{"href":"https:\/\/elliescakes.uk\/ro\/wp-json\/wp\/v2\/media?parent=12954"}],"curies":[{"name":"wp","href":"https:\/\/api.w.org\/{rel}","templated":true}]}}