{"id":44238,"date":"2025-02-10T20:56:02","date_gmt":"2025-02-10T20:56:02","guid":{"rendered":"https:\/\/elliescakes.uk\/?page_id=44238"},"modified":"2025-02-10T21:41:41","modified_gmt":"2025-02-10T21:41:41","slug":"terms-of-service","status":"publish","type":"page","link":"https:\/\/elliescakes.uk\/ro\/terms-of-service\/","title":{"rendered":"Terms of Service"},"content":{"rendered":"<div data-elementor-type=\"wp-page\" data-elementor-id=\"44238\" class=\"elementor elementor-44238\">\n\t\t\t\t\t\t<section class=\"elementor-section elementor-top-section elementor-element elementor-element-9a2e025 elementor-section-boxed elementor-section-height-default elementor-section-height-default sc_fly_static\" data-id=\"9a2e025\" data-element_type=\"section\" data-settings=\"{&quot;background_background&quot;:&quot;classic&quot;}\">\n\t\t\t\t\t\t<div class=\"elementor-container elementor-column-gap-extended\">\n\t\t\t\t\t<div class=\"elementor-column elementor-col-100 elementor-top-column elementor-element elementor-element-6b4907f sc_content_align_inherit sc_layouts_column_icons_position_left sc_fly_static\" data-id=\"6b4907f\" data-element_type=\"column\">\n\t\t\t<div class=\"elementor-widget-wrap elementor-element-populated\">\n\t\t\t\t\t\t<div class=\"elementor-element elementor-element-7199250 sc_fly_static elementor-widget elementor-widget-text-editor\" data-id=\"7199250\" data-element_type=\"widget\" data-widget_type=\"text-editor.default\">\n\t\t\t\t<div class=\"elementor-widget-container\">\n\t\t\t\t\t\t\t\t\t<p>Termeni \u0219i condi\u021bii Ellie\u2019s Artisan Cakes<\/p><p>Data intr\u0103rii \u00een vigoare: FEBRUARIE 2025<\/p><p>Informa\u021bii de contact:<\/p><p>Ellie\u2019s Artisan Cakes 2 Agate Cl, Twyford Abbey Rd, London NW10 7FJ, United Kingdom Email: [email address removed] Telefon: 07301 288573<\/p>\t\t\t\t\t\t\t\t<\/div>\n\t\t\t\t<\/div>\n\t\t\t\t\t<\/div>\n\t\t<\/div>\n\t\t\t\t\t<\/div>\n\t\t<\/section>\n\t\t\t\t<section class=\"elementor-section elementor-top-section elementor-element elementor-element-6eccf5c elementor-section-boxed elementor-section-height-default elementor-section-height-default sc_fly_static\" data-id=\"6eccf5c\" data-element_type=\"section\" data-settings=\"{&quot;background_background&quot;:&quot;classic&quot;}\">\n\t\t\t\t\t\t<div class=\"elementor-container elementor-column-gap-extended\">\n\t\t\t\t\t<div class=\"elementor-column elementor-col-100 elementor-top-column elementor-element elementor-element-b684d14 sc_content_align_inherit sc_layouts_column_icons_position_left sc_fly_static\" data-id=\"b684d14\" data-element_type=\"column\">\n\t\t\t<div class=\"elementor-widget-wrap elementor-element-populated\">\n\t\t\t\t\t\t<div class=\"elementor-element elementor-element-de13c80 sc_fly_static elementor-widget elementor-widget-spacer\" data-id=\"de13c80\" data-element_type=\"widget\" data-widget_type=\"spacer.default\">\n\t\t\t\t<div class=\"elementor-widget-container\">\n\t\t\t\t\t\t\t<div class=\"elementor-spacer\">\n\t\t\t<div class=\"elementor-spacer-inner\"><\/div>\n\t\t<\/div>\n\t\t\t\t\t\t<\/div>\n\t\t\t\t<\/div>\n\t\t\t\t<div class=\"elementor-element elementor-element-4754625 sc_fly_static elementor-widget elementor-widget-text-editor\" data-id=\"4754625\" data-element_type=\"widget\" data-widget_type=\"text-editor.default\">\n\t\t\t\t<div class=\"elementor-widget-container\">\n\t\t\t\t\t\t\t\t\t<h6>Plasarea unei comenzi:<\/h6><ul><li>Toate torturile sunt realizate la comand\u0103. V\u0103 rug\u0103m s\u0103 plasa\u021bi comanda cu cel pu\u021bin \u0219apte (7) zile \u00eenainte de data dorit\u0103 pentru livrare.<\/li><li>Accept\u0103m comenzi prin email sau telefon. V\u0103 rug\u0103m s\u0103 ne furniza\u021bi urm\u0103toarele informa\u021bii:<ul><li>Tipul \u0219i designul tortului<\/li><li>Arome dorite<\/li><li>M\u0103rime \u0219i por\u021bii<\/li><li>Data \u0219i adresa de livrare<\/li><li>Informa\u021bii de contact<\/li><\/ul><\/li><li>Dup\u0103 confirmarea comenzii tale, \u00ee\u021bi vom furniza pre\u021bul final \u0219i instruc\u021biunile de plat\u0103.<\/li><\/ul><h6>Livrare:<\/h6><ul><li>Livr\u0103m pe o raz\u0103 de 20 de mile fa\u021b\u0103 de loca\u021bia noastr\u0103.<\/li><li>Taxele de livrare pot fi aplicate \u0219i vor fi comunicate la momentul confirm\u0103rii comenzii.<\/li><li>Te vom contacta pentru a stabili o or\u0103 convenabil\u0103 pentru livrare. Te rug\u0103m s\u0103 te asiguri c\u0103 cineva va fi disponibil pentru a primi tortul la adresa \u0219i ora specificat\u0103.<\/li><\/ul><h6>Plat\u0103:<\/h6><p>Accept\u0103m urm\u0103toarele metode de plat\u0103:<\/p><ul><li>Stripe (pl\u0103\u021bi online)<\/li><li>Plat\u0103 la livrare<\/li><\/ul><h6>Politica de anulare (Valabil\u0103 din februarie 2025):<\/h6><ul><li>Anul\u0103rile trebuie f\u0103cute \u00een scris (prin email) \u0219i sunt supuse urm\u0103toarelor condi\u021bii:<ul><li>Anul\u0103rile efectuate cu mai mult de 7 zile \u00eenainte de data programat\u0103 pentru livrare vor primi o rambursare complet\u0103.<\/li><li>Anul\u0103rile efectuate \u00eentre 7 zile \u0219i 72 de ore \u00eenainte de data programat\u0103 pentru livrare vor primi o rambursare de 50%.<\/li><li>Cancellations made within 72 hours of the scheduled delivery date are non-refundable.<\/li><\/ul><\/li><\/ul><h6>Informa\u021bii despre produs:<\/h6><ul><li>Torturile noastre sunt realizate manual, iar varia\u021bii u\u0219oare \u00een aspect pot ap\u0103rea. Ne rezerv\u0103m dreptul de a \u00eenlocui ingredientele cu unele de calitate egal\u0103 sau superioar\u0103, dac\u0103 este necesar.<\/li><li>La livrare, te rug\u0103m s\u0103 inspectezi cu aten\u021bie tortul. Dac\u0103 nu e\u0219ti mul\u021bumit de aspectul sau calitatea acestuia, te rug\u0103m s\u0103 ne contactezi imediat.<\/li><\/ul><h6>R\u0103spundere:<\/h6><ul><li>Avem grij\u0103 s\u0103 ne asigur\u0103m c\u0103 tortul t\u0103u este realizat la cele mai \u00eenalte standarde \u0219i livrat \u00een condi\u021bii perfecte. Cu toate acestea, nu suntem responsabili pentru costurile suplimentare sau disconfortul emo\u021bional cauzate de problemele legate de tort sau livrare. R\u0103spunderea noastr\u0103 este limitat\u0103 la valoarea tortului \u00een sine. Acest lucru nu afecteaz\u0103 drepturile tale legale.<\/li><\/ul><h6>Reclama\u021bii ale clien\u021bilor:<\/h6><ul><li>Ne str\u0103duim s\u0103 asigur\u0103m satisfac\u021bia clien\u021bilor. Dac\u0103 nu e\u0219ti mul\u021bumit de tortul t\u0103u sau de serviciile noastre, te rug\u0103m s\u0103 ne contactezi c\u00e2t mai cur\u00e2nd posibil prin email sau telefon. Vom depune toate eforturile pentru a rezolva problema prompt \u0219i corect.<\/li><\/ul><h6>Modific\u0103ri ale termenilor:<\/h6><p>Ne rezerv\u0103m dreptul de a actualiza ace\u0219ti Termeni \u0219i condi\u021bii \u00een orice moment. Oricare modificare va fi postat\u0103 pe aceast\u0103 pagin\u0103.<\/p><h6>Legea aplicabil\u0103:<\/h6><p>Ace\u0219ti Termeni \u0219i condi\u021bii sunt reglementa\u021bi de legisla\u021bia din Anglia \u0219i \u021aara Galilor.<\/p><p>\u00a0<\/p>\t\t\t\t\t\t\t\t<\/div>\n\t\t\t\t<\/div>\n\t\t\t\t\t<\/div>\n\t\t<\/div>\n\t\t\t\t\t<\/div>\n\t\t<\/section>\n\t\t\t\t<\/div>","protected":false},"excerpt":{"rendered":"<p>Ellie&#8217;s Artisan Cakes &#8211; Terms of Service Effective Date: FEBRUARY 2025 Contact Information: Ellie&#8217;s Artisan Cakes 2 Agate Cl, Twyford Abbey Rd, London NW10 7FJ, United Kingdom Email: [email address&hellip;<\/p>","protected":false},"author":2,"featured_media":0,"parent":0,"menu_order":0,"comment_status":"closed","ping_status":"closed","template":"","meta":{"_monsterinsights_skip_tracking":false,"_monsterinsights_sitenote_active":false,"_monsterinsights_sitenote_note":"","_monsterinsights_sitenote_category":0,"footnotes":""},"class_list":["post-44238","page","type-page","status-publish","hentry"],"aioseo_notices":[],"_links":{"self":[{"href":"https:\/\/elliescakes.uk\/ro\/wp-json\/wp\/v2\/pages\/44238","targetHints":{"allow":["GET"]}}],"collection":[{"href":"https:\/\/elliescakes.uk\/ro\/wp-json\/wp\/v2\/pages"}],"about":[{"href":"https:\/\/elliescakes.uk\/ro\/wp-json\/wp\/v2\/types\/page"}],"author":[{"embeddable":true,"href":"https:\/\/elliescakes.uk\/ro\/wp-json\/wp\/v2\/users\/2"}],"replies":[{"embeddable":true,"href":"https:\/\/elliescakes.uk\/ro\/wp-json\/wp\/v2\/comments?post=44238"}],"version-history":[{"count":10,"href":"https:\/\/elliescakes.uk\/ro\/wp-json\/wp\/v2\/pages\/44238\/revisions"}],"predecessor-version":[{"id":44283,"href":"https:\/\/elliescakes.uk\/ro\/wp-json\/wp\/v2\/pages\/44238\/revisions\/44283"}],"wp:attachment":[{"href":"https:\/\/elliescakes.uk\/ro\/wp-json\/wp\/v2\/media?parent=44238"}],"curies":[{"name":"wp","href":"https:\/\/api.w.org\/{rel}","templated":true}]}}