{"id":44246,"date":"2025-02-10T21:01:21","date_gmt":"2025-02-10T21:01:21","guid":{"rendered":"https:\/\/elliescakes.uk\/?page_id=44246"},"modified":"2025-02-11T07:13:08","modified_gmt":"2025-02-11T07:13:08","slug":"cookies","status":"publish","type":"page","link":"https:\/\/elliescakes.uk\/ro\/cookies\/","title":{"rendered":"Cookies"},"content":{"rendered":"<div data-elementor-type=\"wp-page\" data-elementor-id=\"44246\" class=\"elementor elementor-44246\">\n\t\t\t\t\t\t<section class=\"elementor-section elementor-top-section elementor-element elementor-element-d80d0f3 elementor-section-boxed elementor-section-height-default elementor-section-height-default sc_fly_static\" data-id=\"d80d0f3\" data-element_type=\"section\" data-settings=\"{&quot;background_background&quot;:&quot;classic&quot;}\">\n\t\t\t\t\t\t<div class=\"elementor-container elementor-column-gap-extended\">\n\t\t\t\t\t<div class=\"elementor-column elementor-col-100 elementor-top-column elementor-element elementor-element-9a44c8e sc_content_align_inherit sc_layouts_column_icons_position_left sc_fly_static\" data-id=\"9a44c8e\" data-element_type=\"column\">\n\t\t\t<div class=\"elementor-widget-wrap elementor-element-populated\">\n\t\t\t\t\t\t<div class=\"elementor-element elementor-element-4a90fc1 sc_fly_static elementor-widget elementor-widget-text-editor\" data-id=\"4a90fc1\" data-element_type=\"widget\" data-widget_type=\"text-editor.default\">\n\t\t\t\t<div class=\"elementor-widget-container\">\n\t\t\t\t\t\t\t\t\t<p>Politica privind cookie-urile pentru Ellie\u2019s Artisan Cakes<\/p><p>Data intr\u0103rii \u00een vigoare: FEBRUARIE 2025<\/p><p>Aceast\u0103 politic\u0103 privind cookie-urile explic\u0103 modul \u00een care Ellie\u2019s Artisan Cakes (\u201enoi,\u201d \u201enou\u0103\u201d sau \u201eal nostru\u201d) utilizeaz\u0103 cookie-uri \u0219i tehnologii similare pe site-ul nostru (www.elliescakes.uk). Aceast\u0103 politic\u0103 trebuie citit\u0103 \u00eempreun\u0103 cu Politica noastr\u0103 de confiden\u021bialitate.<\/p>\t\t\t\t\t\t\t\t<\/div>\n\t\t\t\t<\/div>\n\t\t\t\t\t<\/div>\n\t\t<\/div>\n\t\t\t\t\t<\/div>\n\t\t<\/section>\n\t\t\t\t<section class=\"elementor-section elementor-top-section elementor-element elementor-element-b53fd24 elementor-section-boxed elementor-section-height-default elementor-section-height-default sc_fly_static\" data-id=\"b53fd24\" data-element_type=\"section\" data-settings=\"{&quot;background_background&quot;:&quot;classic&quot;}\">\n\t\t\t\t\t\t<div class=\"elementor-container elementor-column-gap-extended\">\n\t\t\t\t\t<div class=\"elementor-column elementor-col-100 elementor-top-column elementor-element elementor-element-76ca1cf sc_content_align_inherit sc_layouts_column_icons_position_left sc_fly_static\" data-id=\"76ca1cf\" data-element_type=\"column\">\n\t\t\t<div class=\"elementor-widget-wrap elementor-element-populated\">\n\t\t\t\t\t\t<div class=\"elementor-element elementor-element-52abc32 sc_fly_static elementor-widget elementor-widget-spacer\" data-id=\"52abc32\" data-element_type=\"widget\" data-widget_type=\"spacer.default\">\n\t\t\t\t<div class=\"elementor-widget-container\">\n\t\t\t\t\t\t\t<div class=\"elementor-spacer\">\n\t\t\t<div class=\"elementor-spacer-inner\"><\/div>\n\t\t<\/div>\n\t\t\t\t\t\t<\/div>\n\t\t\t\t<\/div>\n\t\t\t\t<div class=\"elementor-element elementor-element-8cef815 sc_fly_static elementor-widget elementor-widget-text-editor\" data-id=\"8cef815\" data-element_type=\"widget\" data-widget_type=\"text-editor.default\">\n\t\t\t\t<div class=\"elementor-widget-container\">\n\t\t\t\t\t\t\t\t\t<h5>Ce sunt cookie-urile?<\/h5><p>Cookie-urile sunt fi\u0219iere text mici care sunt plasate pe dispozitivul t\u0103u (calculator, smartphone sau tablet\u0103) atunci c\u00e2nd vizitezi un site web. Acestea sunt utilizate pe scar\u0103 larg\u0103 pentru a face site-urile s\u0103 func\u021bioneze mai eficient, precum \u0219i pentru a oferi informa\u021bii proprietarilor site-ului. \u00a0<\/p>\t\t\t\t\t\t\t\t<\/div>\n\t\t\t\t<\/div>\n\t\t\t\t\t<\/div>\n\t\t<\/div>\n\t\t\t\t\t<\/div>\n\t\t<\/section>\n\t\t\t\t<section class=\"elementor-section elementor-top-section elementor-element elementor-element-b663d1b elementor-section-boxed elementor-section-height-default elementor-section-height-default sc_fly_static\" data-id=\"b663d1b\" data-element_type=\"section\">\n\t\t\t\t\t\t<div class=\"elementor-container elementor-column-gap-extended\">\n\t\t\t\t\t<div class=\"elementor-column elementor-col-100 elementor-top-column elementor-element elementor-element-5dee5b2 sc_content_align_inherit sc_layouts_column_icons_position_left sc_fly_static\" data-id=\"5dee5b2\" data-element_type=\"column\">\n\t\t\t<div class=\"elementor-widget-wrap elementor-element-populated\">\n\t\t\t\t\t\t<div class=\"elementor-element elementor-element-d900686 sc_fly_static elementor-widget elementor-widget-spacer\" data-id=\"d900686\" data-element_type=\"widget\" data-widget_type=\"spacer.default\">\n\t\t\t\t<div class=\"elementor-widget-container\">\n\t\t\t\t\t\t\t<div class=\"elementor-spacer\">\n\t\t\t<div class=\"elementor-spacer-inner\"><\/div>\n\t\t<\/div>\n\t\t\t\t\t\t<\/div>\n\t\t\t\t<\/div>\n\t\t\t\t\t<\/div>\n\t\t<\/div>\n\t\t\t\t\t<\/div>\n\t\t<\/section>\n\t\t\t\t<section class=\"elementor-section elementor-top-section elementor-element elementor-element-59f5b5d elementor-section-boxed elementor-section-height-default elementor-section-height-default sc_fly_static\" data-id=\"59f5b5d\" data-element_type=\"section\" data-settings=\"{&quot;background_background&quot;:&quot;classic&quot;}\">\n\t\t\t\t\t\t<div class=\"elementor-container elementor-column-gap-extended\">\n\t\t\t\t\t<div class=\"elementor-column elementor-col-100 elementor-top-column elementor-element elementor-element-b09fa6e sc_content_align_inherit sc_layouts_column_icons_position_left sc_fly_static\" data-id=\"b09fa6e\" data-element_type=\"column\">\n\t\t\t<div class=\"elementor-widget-wrap elementor-element-populated\">\n\t\t\t\t\t\t<div class=\"elementor-element elementor-element-64171d1 sc_fly_static elementor-widget elementor-widget-text-editor\" data-id=\"64171d1\" data-element_type=\"widget\" data-widget_type=\"text-editor.default\">\n\t\t\t\t<div class=\"elementor-widget-container\">\n\t\t\t\t\t\t\t\t\t<h5>Tipuri de cookie-uri pe care le utiliz\u0103m:<\/h5><p>Putem utiliza urm\u0103toarele tipuri de cookie-uri:<\/p><ul><li><strong>Cookie-uri strict necesare:<\/strong> Aceste cookie-uri sunt esen\u021biale pentru a naviga pe site-ul nostru \u0219i pentru a utiliza func\u021bionalit\u0103\u021bile sale, cum ar fi plasarea unei comenzi. Ele nu colecteaz\u0103 informa\u021bii despre tine care ar putea fi folosite pentru marketing sau pentru a re\u021bine ce site-uri ai vizitat pe internet. Deoarece aceste cookie-uri sunt strict necesare, nu avem nevoie de consim\u021b\u0103m\u00e2ntul t\u0103u pentru a le utiliza.<\/li><li><strong>Cookie-uri de performan\u021b\u0103:<\/strong> Aceste cookie-uri colecteaz\u0103 informa\u021bii despre modul \u00een care vizitatorii utilizeaz\u0103 site-ul nostru, cum ar fi care pagini sunt vizitate cel mai frecvent \u0219i dac\u0103 apar mesaje de eroare. Aceste informa\u021bii ne ajut\u0103 s\u0103 \u00eembun\u0103t\u0103\u021bim performan\u021ba site-ului nostru. Aceste cookie-uri nu colecteaz\u0103 informa\u021bii care identific\u0103 un vizitator. Toate informa\u021biile colectate de aceste cookie-uri sunt agregate \u0219i, prin urmare, anonime. Vom solicita consim\u021b\u0103m\u00e2ntul t\u0103u pentru a utiliza aceste cookie-uri.<\/li><li><strong>Cookie-uri de func\u021bionalitate:<\/strong> Aceste cookie-uri permit site-ului nostru s\u0103 re\u021bin\u0103 alegerile pe care le faci (cum ar fi preferin\u021bele tale lingvistice) \u0219i s\u0103 \u00ee\u021bi ofere func\u021bionalit\u0103\u021bi \u00eembun\u0103t\u0103\u021bite \u0219i mai personalizate. Ele pot fi, de asemenea, utilizate pentru a oferi servicii pe care le-ai solicitat, cum ar fi vizionarea unui videoclip sau comentarea unui blog. Informa\u021biile colectate de aceste cookie-uri pot fi anonimizate \u0219i nu pot urm\u0103ri activitatea ta de navigare pe alte site-uri. Vom solicita consim\u021b\u0103m\u00e2ntul t\u0103u pentru a utiliza aceste cookie-uri.<\/li><li><strong>Cookie-uri de targetare\/publicitate:<\/strong> Aceste cookie-uri sunt utilizate pentru a livra reclame relevante pentru interesele tale. Ele pot fi, de asemenea, utilizate pentru a limita num\u0103rul de ori \u00een care vezi o reclam\u0103 \u0219i pentru a m\u0103sura eficien\u021ba campaniilor publicitare. Aceste cookie-uri pot fi setate prin intermediul site-ului nostru de partenerii no\u0219tri publicitari. Ele pot fi folosite de acele companii pentru a crea un profil al intereselor tale \u0219i pentru a-\u021bi ar\u0103ta reclame relevante pe alte site-uri. Nu stocheaz\u0103 informa\u021bii personale direct, dar sunt bazate pe identificarea unic\u0103 a browserului \u0219i dispozitivului t\u0103u de internet. Vom solicita consim\u021b\u0103m\u00e2ntul t\u0103u pentru a utiliza aceste cookie-uri.\u00a0<\/li><\/ul><h5>Cookie-uri ale ter\u021bilor:<\/h5><p>Este posibil s\u0103 permitem furnizorilor de servicii ter\u021bi, cum ar fi furnizorii de analize \u0219i re\u021belele publicitare, s\u0103 plaseze cookie-uri pe site-ul nostru. Ace\u0219ti ter\u021bi pot colecta informa\u021bii despre activit\u0103\u021bile tale online de-a lungul timpului \u0219i pe diferite site-uri. Nu control\u0103m aceste cookie-uri ale ter\u021bilor, iar pentru mai multe informa\u021bii ar trebui s\u0103 consul\u021bi politicile de confiden\u021bialitate respective ale acestor ter\u021bi.<\/p><div><h5>Gestionarea cookie-urilor:<\/h5><p>Ai dreptul de a alege dac\u0103 accepti sau nu cookie-uri. Majoritatea browserelor web accept\u0103 automat cookie-urile, dar de obicei po\u021bi modifica set\u0103rile browserului pentru a refuza cookie-urile, dac\u0103 preferi acest lucru. Totu\u0219i, te rug\u0103m s\u0103 re\u021bii c\u0103, dac\u0103 dezactivezi sau \u0219tergi cookie-urile, anumite p\u0103r\u021bi ale site-ului nostru s-ar putea s\u0103 nu func\u021bioneze corect.<\/p><p>Po\u021bi gestiona preferin\u021bele tale de cookie-uri prin bannerul de consim\u021b\u0103m\u00e2nt pentru cookie-uri atunci c\u00e2nd vizitezi pentru prima dat\u0103 site-ul nostru. De asemenea, de obicei, po\u021bi modifica set\u0103rile browserului t\u0103u pentru a controla cookie-urile. Iat\u0103 c\u00e2teva linkuri c\u0103tre informa\u021bii despre cum s\u0103 gestionezi cookie-urile \u00een browserele populare:<\/p><ul><li>Google Chrome: <a href=\"https:\/\/support.google.com\/chrome\/answer\/95647?hl=en\">https:\/\/support.google.com\/chrome\/answer\/95647?hl=en<\/a><\/li><li>Mozilla Firefox: <a href=\"https:\/\/www.google.com\/url?sa=E&amp;source=gmail&amp;q=%3C18%3Ehttps:\/\/support.mozilla.org\/en-US\/kb\/enable-and-disable-cookies-website-preferences\">https:\/\/support.mozilla.org\/en-US\/kb\/enable-and-disable-cookies-website-preferences<\/a> \u00a0<\/li><li>Microsoft Edge: <a href=\"https:\/\/www.google.com\/url?sa=E&amp;source=gmail&amp;q=https:\/\/support.microsoft.com\/en-gb\/microsoft-edge\/delete-cookies-in-microsoft-edge-63947406-40ac-c3b8-57b9-2a946a29ae09\">https:\/\/support.microsoft.com\/en-gb\/microsoft-edge\/delete-cookies-in-microsoft-edge-63947406-40ac-c3b8-57b9-2a946a29ae09<\/a><\/li><li>Safari: <a href=\"https:\/\/www.google.com\/search?q=https:\/\/support.apple.com\/guide\/safari\/manage-cookies-and-website-%3C19%3Edata-sfri11471\/mac\">https:\/\/support.apple.com\/guide\/safari\/manage-cookies-and-website-data-sfri11471\/mac<\/a><\/li><\/ul><p>Modific\u0103ri ale acestei politici privind cookie-urile:<\/p><p>We may update this Cookie Policy from time to time. Any changes will be posted on this page.<\/p><h5>Contact:<\/h5><p>Dac\u0103 ai \u00eentreb\u0103ri despre aceast\u0103 politic\u0103 privind cookie-urile, te rug\u0103m s\u0103 ne contactezi la: \u00a0<\/p><p>Ellie&#8217;s Artisan Cakes 2 Agate Cl, Twyford Abbey Rd, London NW10 7FJ, United Kingdom Email:<a href=\"mailto:info@elliescakes.uk\">info@elliescakes.uk<\/a> Telefon: 07301 288573<\/p><\/div>\t\t\t\t\t\t\t\t<\/div>\n\t\t\t\t<\/div>\n\t\t\t\t\t<\/div>\n\t\t<\/div>\n\t\t\t\t\t<\/div>\n\t\t<\/section>\n\t\t\t\t<\/div>","protected":false},"excerpt":{"rendered":"<p>Cookie Policy for Ellie&#8217;s Artisan Cakes Effective Date: FEBRUARY 2025 This Cookie Policy explains how Ellie&#8217;s Artisan Cakes (&#8220;we,&#8221; &#8220;us,&#8221; or &#8220;our&#8221;) uses cookies and similar technologies on our website&hellip;<\/p>","protected":false},"author":2,"featured_media":0,"parent":0,"menu_order":0,"comment_status":"closed","ping_status":"closed","template":"","meta":{"_monsterinsights_skip_tracking":false,"_monsterinsights_sitenote_active":false,"_monsterinsights_sitenote_note":"","_monsterinsights_sitenote_category":0,"footnotes":""},"class_list":["post-44246","page","type-page","status-publish","hentry"],"aioseo_notices":[],"_links":{"self":[{"href":"https:\/\/elliescakes.uk\/ro\/wp-json\/wp\/v2\/pages\/44246","targetHints":{"allow":["GET"]}}],"collection":[{"href":"https:\/\/elliescakes.uk\/ro\/wp-json\/wp\/v2\/pages"}],"about":[{"href":"https:\/\/elliescakes.uk\/ro\/wp-json\/wp\/v2\/types\/page"}],"author":[{"embeddable":true,"href":"https:\/\/elliescakes.uk\/ro\/wp-json\/wp\/v2\/users\/2"}],"replies":[{"embeddable":true,"href":"https:\/\/elliescakes.uk\/ro\/wp-json\/wp\/v2\/comments?post=44246"}],"version-history":[{"count":16,"href":"https:\/\/elliescakes.uk\/ro\/wp-json\/wp\/v2\/pages\/44246\/revisions"}],"predecessor-version":[{"id":44289,"href":"https:\/\/elliescakes.uk\/ro\/wp-json\/wp\/v2\/pages\/44246\/revisions\/44289"}],"wp:attachment":[{"href":"https:\/\/elliescakes.uk\/ro\/wp-json\/wp\/v2\/media?parent=44246"}],"curies":[{"name":"wp","href":"https:\/\/api.w.org\/{rel}","templated":true}]}}