{"id":41511,"date":"2023-09-22T10:23:06","date_gmt":"2023-09-22T10:23:06","guid":{"rendered":"https:\/\/elliescakes.uk\/?post_type=product&#038;p=41511"},"modified":"2025-09-24T11:18:12","modified_gmt":"2025-09-24T10:18:12","slug":"rose-homemade-fudge-with-candied-cherries","status":"publish","type":"product","link":"https:\/\/elliescakes.uk\/ro\/produs\/rose-homemade-fudge-with-candied-cherries\/","title":{"rendered":"Ciocolata de casa rose cu cirese confiate"},"content":{"rendered":"<p>Un desert elegant cu o not\u0103 fructat\u0103! Ciocolata de cas\u0103 rose cu cire\u0219e confiate \u00ee\u021bi \u00eenc\u00e2nt\u0103 sim\u021burile cu o combina\u021bie rafinat\u0103 de texturi \u0219i arome. Gustul fin \u0219i u\u0219or fructat al ciocolatei rose se \u00eemplete\u0219te armonios cu dulcea\u021ba intens\u0103 a cire\u0219elor confiate, oferindu-\u021bi o experien\u021b\u0103 unic\u0103, dulce \u0219i catifelat\u0103.<\/p>","protected":false},"excerpt":{"rendered":"<p>Un desert elegant cu o not\u0103 fructat\u0103! Ciocolata de cas\u0103 rose cu cire\u0219e confiate \u00ee\u021bi \u00eenc\u00e2nt\u0103 sim\u021burile cu o combina\u021bie rafinat\u0103 de texturi \u0219i arome. Gustul fin \u0219i u\u0219or fructat al ciocolatei rose se \u00eemplete\u0219te armonios cu dulcea\u021ba intens\u0103 a cire\u0219elor confiate, oferindu-\u021bi o experien\u021b\u0103 unic\u0103, dulce \u0219i catifelat\u0103.<\/p>","protected":false},"featured_media":43207,"comment_status":"open","ping_status":"closed","template":"","meta":{"_monsterinsights_skip_tracking":false,"_monsterinsights_sitenote_active":false,"_monsterinsights_sitenote_note":"","_monsterinsights_sitenote_category":0},"product_cat":[282,198],"product_tag":[210,212,211,209],"class_list":{"0":"post-41511","1":"product","2":"type-product","3":"status-publish","4":"has-post-thumbnail","6":"product_cat-artisan-chocolate","7":"product_cat-chocolate","8":"product_tag-berry","9":"product_tag-chocolate","10":"product_tag-cream","11":"product_tag-sweets","13":"first","14":"instock","15":"shipping-taxable","16":"purchasable","17":"product-type-variable"},"aioseo_notices":[],"_links":{"self":[{"href":"https:\/\/elliescakes.uk\/ro\/wp-json\/wp\/v2\/product\/41511","targetHints":{"allow":["GET"]}}],"collection":[{"href":"https:\/\/elliescakes.uk\/ro\/wp-json\/wp\/v2\/product"}],"about":[{"href":"https:\/\/elliescakes.uk\/ro\/wp-json\/wp\/v2\/types\/product"}],"replies":[{"embeddable":true,"href":"https:\/\/elliescakes.uk\/ro\/wp-json\/wp\/v2\/comments?post=41511"}],"wp:featuredmedia":[{"embeddable":true,"href":"https:\/\/elliescakes.uk\/ro\/wp-json\/wp\/v2\/media\/43207"}],"wp:attachment":[{"href":"https:\/\/elliescakes.uk\/ro\/wp-json\/wp\/v2\/media?parent=41511"}],"wp:term":[{"taxonomy":"product_cat","embeddable":true,"href":"https:\/\/elliescakes.uk\/ro\/wp-json\/wp\/v2\/product_cat?post=41511"},{"taxonomy":"product_tag","embeddable":true,"href":"https:\/\/elliescakes.uk\/ro\/wp-json\/wp\/v2\/product_tag?post=41511"}],"curies":[{"name":"wp","href":"https:\/\/api.w.org\/{rel}","templated":true}]}}