{"id":41512,"date":"2023-09-22T10:23:12","date_gmt":"2023-09-22T10:23:12","guid":{"rendered":"https:\/\/elliescakes.uk\/?post_type=product&#038;p=41512"},"modified":"2025-09-24T11:17:51","modified_gmt":"2025-09-24T10:17:51","slug":"homemade-artisan-white-fudge-with-pistachios","status":"publish","type":"product","link":"https:\/\/elliescakes.uk\/ro\/produs\/homemade-artisan-white-fudge-with-pistachios\/","title":{"rendered":"Ciocolata alba de casa cu fistic"},"content":{"rendered":"<div class=\"\">\n<div class=\"\">R\u0103sf\u0103\u021b fin cu o not\u0103 exotic\u0103! Ciocolata alb\u0103 de cas\u0103 cu fistic \u00ee\u021bi delecteaz\u0103 papilele gustative cu o textur\u0103 cremoas\u0103 \u0219i catifelat\u0103, perfect completat\u0103 de crocantul boabelor de fistic. Dulcea\u021ba laptelui praf se \u00eembin\u0103 armonios cu aroma delicat\u0103 \u0219i u\u0219or s\u0103rat\u0103 a fisticului, oferindu-\u021bi un contrast irezistibil de gusturi \u0219i texturi. Fiecare buc\u0103\u021bic\u0103 este un echilibru perfect \u00eentre rafinament \u0219i savoare, un desert artizanal ce transform\u0103 orice moment \u00eentr-o clip\u0103 de pur\u0103 pl\u0103cere!<\/div>\n<\/div>","protected":false},"excerpt":{"rendered":"<div class=\"\">\n<div class=\"\">R\u0103sf\u0103\u021b fin cu o not\u0103 exotic\u0103! Ciocolata alb\u0103 de cas\u0103 cu fistic \u00ee\u021bi delecteaz\u0103 papilele gustative cu o textur\u0103 cremoas\u0103 \u0219i catifelat\u0103, perfect completat\u0103 de crocantul boabelor de fistic. Dulcea\u021ba laptelui praf se \u00eembin\u0103 armonios cu aroma delicat\u0103 \u0219i u\u0219or s\u0103rat\u0103 a fisticului, oferindu-\u021bi un contrast irezistibil de gusturi \u0219i texturi. Fiecare buc\u0103\u021bic\u0103 este un echilibru perfect \u00eentre rafinament \u0219i savoare, un desert artizanal ce transform\u0103 orice moment \u00eentr-o clip\u0103 de pur\u0103 pl\u0103cere!<\/div>\n<\/div>","protected":false},"featured_media":44342,"comment_status":"open","ping_status":"closed","template":"","meta":{"_monsterinsights_skip_tracking":false,"_monsterinsights_sitenote_active":false,"_monsterinsights_sitenote_note":"","_monsterinsights_sitenote_category":0},"product_cat":[282,198],"product_tag":[210,212,211,209],"class_list":{"0":"post-41512","1":"product","2":"type-product","3":"status-publish","4":"has-post-thumbnail","6":"product_cat-artisan-chocolate","7":"product_cat-chocolate","8":"product_tag-berry","9":"product_tag-chocolate","10":"product_tag-cream","11":"product_tag-sweets","13":"first","14":"instock","15":"shipping-taxable","16":"purchasable","17":"product-type-variable"},"aioseo_notices":[],"_links":{"self":[{"href":"https:\/\/elliescakes.uk\/ro\/wp-json\/wp\/v2\/product\/41512","targetHints":{"allow":["GET"]}}],"collection":[{"href":"https:\/\/elliescakes.uk\/ro\/wp-json\/wp\/v2\/product"}],"about":[{"href":"https:\/\/elliescakes.uk\/ro\/wp-json\/wp\/v2\/types\/product"}],"replies":[{"embeddable":true,"href":"https:\/\/elliescakes.uk\/ro\/wp-json\/wp\/v2\/comments?post=41512"}],"wp:featuredmedia":[{"embeddable":true,"href":"https:\/\/elliescakes.uk\/ro\/wp-json\/wp\/v2\/media\/44342"}],"wp:attachment":[{"href":"https:\/\/elliescakes.uk\/ro\/wp-json\/wp\/v2\/media?parent=41512"}],"wp:term":[{"taxonomy":"product_cat","embeddable":true,"href":"https:\/\/elliescakes.uk\/ro\/wp-json\/wp\/v2\/product_cat?post=41512"},{"taxonomy":"product_tag","embeddable":true,"href":"https:\/\/elliescakes.uk\/ro\/wp-json\/wp\/v2\/product_tag?post=41512"}],"curies":[{"name":"wp","href":"https:\/\/api.w.org\/{rel}","templated":true}]}}