{"id":41513,"date":"2023-09-22T10:23:14","date_gmt":"2023-09-22T10:23:14","guid":{"rendered":"https:\/\/elliescakes.uk\/?post_type=product&#038;p=41513"},"modified":"2025-09-24T11:17:41","modified_gmt":"2025-09-24T10:17:41","slug":"homemade-artisan-white-fudge-with-walnuts","status":"publish","type":"product","link":"https:\/\/elliescakes.uk\/ro\/produs\/homemade-artisan-white-fudge-with-walnuts\/","title":{"rendered":"Ciocolata alba de casa cu nuca"},"content":{"rendered":"<div class=\"\">R\u0103sf\u0103\u021b delicat cu un gust autentic! Ciocolata alb\u0103 de cas\u0103 cu nuc\u0103 pr\u0103jit\u0103 \u00ee\u021bi \u00eenc\u00e2nt\u0103 sim\u021burile cu o textur\u0103 fin\u0103 \u0219i cremoas\u0103, \u00eembog\u0103\u021bit\u0103 de crocantul nucilor pr\u0103jite. Dulcea\u021ba laptelui praf se \u00eembin\u0103 perfect cu aroma intens\u0103 a nucilor rumenite, oferindu-\u021bi o experien\u021b\u0103 gustativ\u0103 inconfundabil\u0103. Ideal\u0103 pentru cei care apreciaz\u0103 savoarea autentic\u0103 a deserturilor f\u0103cute \u00een cas\u0103!<\/div>","protected":false},"excerpt":{"rendered":"<div class=\"\">R\u0103sf\u0103\u021b delicat cu un gust autentic! Ciocolata alb\u0103 de cas\u0103 cu nuc\u0103 pr\u0103jit\u0103 \u00ee\u021bi \u00eenc\u00e2nt\u0103 sim\u021burile cu o textur\u0103 fin\u0103 \u0219i cremoas\u0103, \u00eembog\u0103\u021bit\u0103 de crocantul nucilor pr\u0103jite. Dulcea\u021ba laptelui praf se \u00eembin\u0103 perfect cu aroma intens\u0103 a nucilor rumenite, oferindu-\u021bi o experien\u021b\u0103 gustativ\u0103 inconfundabil\u0103. Ideal\u0103 pentru cei care apreciaz\u0103 savoarea autentic\u0103 a deserturilor f\u0103cute \u00een cas\u0103!<\/div>","protected":false},"featured_media":44341,"comment_status":"open","ping_status":"closed","template":"","meta":{"_monsterinsights_skip_tracking":false,"_monsterinsights_sitenote_active":false,"_monsterinsights_sitenote_note":"","_monsterinsights_sitenote_category":0},"product_cat":[282,198],"product_tag":[210,212,211,209],"class_list":{"0":"post-41513","1":"product","2":"type-product","3":"status-publish","4":"has-post-thumbnail","6":"product_cat-artisan-chocolate","7":"product_cat-chocolate","8":"product_tag-berry","9":"product_tag-chocolate","10":"product_tag-cream","11":"product_tag-sweets","13":"first","14":"instock","15":"shipping-taxable","16":"purchasable","17":"product-type-variable"},"aioseo_notices":[],"_links":{"self":[{"href":"https:\/\/elliescakes.uk\/ro\/wp-json\/wp\/v2\/product\/41513","targetHints":{"allow":["GET"]}}],"collection":[{"href":"https:\/\/elliescakes.uk\/ro\/wp-json\/wp\/v2\/product"}],"about":[{"href":"https:\/\/elliescakes.uk\/ro\/wp-json\/wp\/v2\/types\/product"}],"replies":[{"embeddable":true,"href":"https:\/\/elliescakes.uk\/ro\/wp-json\/wp\/v2\/comments?post=41513"}],"wp:featuredmedia":[{"embeddable":true,"href":"https:\/\/elliescakes.uk\/ro\/wp-json\/wp\/v2\/media\/44341"}],"wp:attachment":[{"href":"https:\/\/elliescakes.uk\/ro\/wp-json\/wp\/v2\/media?parent=41513"}],"wp:term":[{"taxonomy":"product_cat","embeddable":true,"href":"https:\/\/elliescakes.uk\/ro\/wp-json\/wp\/v2\/product_cat?post=41513"},{"taxonomy":"product_tag","embeddable":true,"href":"https:\/\/elliescakes.uk\/ro\/wp-json\/wp\/v2\/product_tag?post=41513"}],"curies":[{"name":"wp","href":"https:\/\/api.w.org\/{rel}","templated":true}]}}