{"id":43749,"date":"2025-01-29T15:37:58","date_gmt":"2025-01-29T15:37:58","guid":{"rendered":"https:\/\/elliescakes.uk\/?post_type=product&#038;p=43749"},"modified":"2025-03-11T19:23:41","modified_gmt":"2025-03-11T19:23:41","slug":"3-tier-wedding-cake-with-suspended-tier","status":"publish","type":"product","link":"https:\/\/elliescakes.uk\/ro\/produs\/3-tier-wedding-cake-with-suspended-tier\/","title":{"rendered":"3-Tier Wedding Cake"},"content":{"rendered":"<p class=\"translation-block\">Acest uimitor tort de nunt\u0103 cu 3 etaje, cu un etaj suspendat, este \u00eentruchiparea elegan\u021bei \u0219i a rafinamentului. Straturile delicate, frumos decorate cu detalii intricate, creeaz\u0103 un punct de atrac\u021bie spectaculos pentru ziua dumneavoastr\u0103 special\u0103. Etajul suspendat adaug\u0103 o not\u0103 modern\u0103 acestui design clasic, oferindu-i un efect plutitor, feeric, care \u00eei va l\u0103sa pe invita\u021bii dumneavoastr\u0103 uimi\u021bi. Fiecare etaj poate fi personalizat cu aromele \u0219i umpluturile alese de dumneavoastr\u0103, iar decorul poate fi adaptat temei nun\u021bii, fie c\u0103 prefera\u021bi un design floral romantic, o elegan\u021b\u0103 modern\u0103 rafinat\u0103 sau o not\u0103 de farmec vintage. Acest tort nu este doar un r\u0103sf\u0103\u021b dulce, ci o oper\u0103 de art\u0103 care va face nunta dumneavoastr\u0103 de neuitat.<\/p>\n<p><strong>Fillings available<\/strong>:<\/p>\n<ul>\n<li><b>Vanilla Sponge Cake with Yogurt Cream and Berries<\/b><b><\/b><\/li>\n<li><b>Vanilla Sponge Cake with Mascarpone Cream, White Chocolate, and Raspberry Jelly<\/b><b><\/b><\/li>\n<li><b>Chocolate Sponge Cake with Berry Jelly and Mascarpone Cream<\/b><b><\/b><\/li>\n<li><b>Black Forest Cake (Chocolate Sponge, Cherries, and Whipped Cream)<\/b><b><\/b><\/li>\n<li><b>Red Velvet Cake with Cherries<\/b><b><\/b><\/li>\n<li><b>Walnut Sponge Cake with Mascarpone Cream and Caramelized Walnuts<\/b><b><\/b><\/li>\n<li><b>Chocolate Sponge Cake with Chocolate Cream and Cherries<\/b><b><\/b><\/li>\n<li><b>Chocolate Sponge Cake with Chocolate Cream and Strawberries<\/b><b><\/b><\/li>\n<\/ul>\n<p><strong>Prices start from \u00a332 per kg.<\/strong><\/p>\n<p><strong>Contact us<\/strong> to discuss the decoration, filling, and the number of servings needed for your event. We\u2019ll work with you to design the perfect 2-tier cake that will be the highlight of your celebration.<\/p>","protected":false},"excerpt":{"rendered":"<p class=\"translation-block\">Acest uimitor tort de nunt\u0103 cu 3 etaje, cu un etaj suspendat, este \u00eentruchiparea elegan\u021bei \u0219i a rafinamentului. Straturile delicate, frumos proiectate cu detalii complicate, creeaz\u0103 un punct focal uluitor pentru ziua dumneavoastr\u0103 special\u0103. Etajul suspendat adaug\u0103 o \u00eentors\u0103tur\u0103 modern\u0103 acestui design clasic, oferindu-i un efect plutitor, capricios, care \u00eei va l\u0103sa pe invita\u021bii dumneavoastr\u0103 uimi\u021bi. Fiecare etaj poate fi personalizat cu alegerea dumneavoastr\u0103 de arome \u0219i umpluturi, iar decorarea poate fi adaptat\u0103 pentru a se potrivi temei nun\u021bii dumneavoastr\u0103, fie c\u0103 prefera\u021bi un design floral romantic, o elegan\u021b\u0103 modern\u0103 elegant\u0103 sau o not\u0103 de farmec vintage. Acest tort nu este doar un r\u0103sf\u0103\u021b dulce, ci o oper\u0103 de art\u0103 care va face nunta dumneavoastr\u0103 de neuitat.<\/p>","protected":false},"featured_media":43743,"comment_status":"open","ping_status":"closed","template":"","meta":{"_monsterinsights_skip_tracking":false,"_monsterinsights_sitenote_active":false,"_monsterinsights_sitenote_note":"","_monsterinsights_sitenote_category":0},"product_cat":[197,288,303],"product_tag":[210,212,211,209],"class_list":{"0":"post-43749","1":"product","2":"type-product","3":"status-publish","4":"has-post-thumbnail","6":"product_cat-cakes","7":"product_cat-wedding-cake","8":"product_cat-wedding-cakes","9":"product_tag-berry","10":"product_tag-chocolate","11":"product_tag-cream","12":"product_tag-sweets","14":"first","15":"instock","16":"shipping-taxable","17":"product-type-simple"},"aioseo_notices":[],"_links":{"self":[{"href":"https:\/\/elliescakes.uk\/ro\/wp-json\/wp\/v2\/product\/43749","targetHints":{"allow":["GET"]}}],"collection":[{"href":"https:\/\/elliescakes.uk\/ro\/wp-json\/wp\/v2\/product"}],"about":[{"href":"https:\/\/elliescakes.uk\/ro\/wp-json\/wp\/v2\/types\/product"}],"replies":[{"embeddable":true,"href":"https:\/\/elliescakes.uk\/ro\/wp-json\/wp\/v2\/comments?post=43749"}],"wp:featuredmedia":[{"embeddable":true,"href":"https:\/\/elliescakes.uk\/ro\/wp-json\/wp\/v2\/media\/43743"}],"wp:attachment":[{"href":"https:\/\/elliescakes.uk\/ro\/wp-json\/wp\/v2\/media?parent=43749"}],"wp:term":[{"taxonomy":"product_cat","embeddable":true,"href":"https:\/\/elliescakes.uk\/ro\/wp-json\/wp\/v2\/product_cat?post=43749"},{"taxonomy":"product_tag","embeddable":true,"href":"https:\/\/elliescakes.uk\/ro\/wp-json\/wp\/v2\/product_tag?post=43749"}],"curies":[{"name":"wp","href":"https:\/\/api.w.org\/{rel}","templated":true}]}}