{"id":44343,"date":"2025-03-06T07:56:37","date_gmt":"2025-03-06T07:56:37","guid":{"rendered":"https:\/\/elliescakes.uk\/?post_type=product&#038;p=44343"},"modified":"2025-09-24T11:15:11","modified_gmt":"2025-09-24T10:15:11","slug":"homemade-artisan-cocoa-fudge","status":"publish","type":"product","link":"https:\/\/elliescakes.uk\/ro\/produs\/homemade-artisan-cocoa-fudge\/","title":{"rendered":"Ciocolata neagr\u0103 de casa"},"content":{"rendered":"<div class=\"\">O c\u0103l\u0103torie \u00een gustul copil\u0103riei! Ciocolata de cas\u0103 rom\u00e2neasc\u0103 te r\u0103sfa\u021b\u0103 cu o textur\u0103 fin\u0103 \u0219i un gust intens de cacao, \u00eembinat perfect cu dulcea\u021ba laptelui praf. Fiecare mu\u0219c\u0103tur\u0103 \u00ee\u021bi aduce aminte de re\u021betele tradi\u021bionale, preg\u0103tite cu dragoste \u00een buc\u0103t\u0103riile bunicilor.   Preg\u0103tit\u0103 manual, cu ingrediente naturale, ciocolata de cas\u0103 nu este doar un desert, ci o emo\u021bie dulce care \u00ee\u021bi \u00eenc\u0103lze\u0219te sufletul, oferind o explozie de savoare \u0219i nostalgie!<\/div>","protected":false},"excerpt":{"rendered":"<div class=\"\">O c\u0103l\u0103torie \u00een gustul copil\u0103riei! Ciocolata de cas\u0103 rom\u00e2neasc\u0103 te r\u0103sfa\u021b\u0103 cu o textur\u0103 fin\u0103 \u0219i un gust intens de cacao, \u00eembinat perfect cu dulcea\u021ba laptelui praf. Fiecare mu\u0219c\u0103tur\u0103 \u00ee\u021bi aduce aminte de re\u021betele tradi\u021bionale, preg\u0103tite cu dragoste \u00een buc\u0103t\u0103riile bunicilor.   Preg\u0103tit\u0103 manual, cu ingrediente naturale, ciocolata de cas\u0103 nu este doar un desert, ci o emo\u021bie dulce care \u00ee\u021bi \u00eenc\u0103lze\u0219te sufletul, oferind o explozie de savoare \u0219i nostalgie!<\/div>","protected":false},"featured_media":44346,"comment_status":"open","ping_status":"closed","template":"","meta":{"_monsterinsights_skip_tracking":false,"_monsterinsights_sitenote_active":false,"_monsterinsights_sitenote_note":"","_monsterinsights_sitenote_category":0},"product_cat":[282,198],"product_tag":[210,212,211,209],"class_list":{"0":"post-44343","1":"product","2":"type-product","3":"status-publish","4":"has-post-thumbnail","6":"product_cat-artisan-chocolate","7":"product_cat-chocolate","8":"product_tag-berry","9":"product_tag-chocolate","10":"product_tag-cream","11":"product_tag-sweets","13":"first","14":"instock","15":"shipping-taxable","16":"purchasable","17":"product-type-variable"},"aioseo_notices":[],"_links":{"self":[{"href":"https:\/\/elliescakes.uk\/ro\/wp-json\/wp\/v2\/product\/44343","targetHints":{"allow":["GET"]}}],"collection":[{"href":"https:\/\/elliescakes.uk\/ro\/wp-json\/wp\/v2\/product"}],"about":[{"href":"https:\/\/elliescakes.uk\/ro\/wp-json\/wp\/v2\/types\/product"}],"replies":[{"embeddable":true,"href":"https:\/\/elliescakes.uk\/ro\/wp-json\/wp\/v2\/comments?post=44343"}],"wp:featuredmedia":[{"embeddable":true,"href":"https:\/\/elliescakes.uk\/ro\/wp-json\/wp\/v2\/media\/44346"}],"wp:attachment":[{"href":"https:\/\/elliescakes.uk\/ro\/wp-json\/wp\/v2\/media?parent=44343"}],"wp:term":[{"taxonomy":"product_cat","embeddable":true,"href":"https:\/\/elliescakes.uk\/ro\/wp-json\/wp\/v2\/product_cat?post=44343"},{"taxonomy":"product_tag","embeddable":true,"href":"https:\/\/elliescakes.uk\/ro\/wp-json\/wp\/v2\/product_tag?post=44343"}],"curies":[{"name":"wp","href":"https:\/\/api.w.org\/{rel}","templated":true}]}}