{"id":44348,"date":"2025-03-06T08:14:44","date_gmt":"2025-03-06T08:14:44","guid":{"rendered":"https:\/\/elliescakes.uk\/?post_type=product&#038;p=44348"},"modified":"2026-03-24T14:20:13","modified_gmt":"2026-03-24T14:20:13","slug":"cocoa-and-white-homemade-fudge","status":"publish","type":"product","link":"https:\/\/elliescakes.uk\/ro\/produs\/cocoa-and-white-homemade-fudge\/","title":{"rendered":"Ciocolata neagr\u0103 \u0219i alb\u0103 \u00een foi de napolitan\u0103"},"content":{"rendered":"<div class=\"\">\n<div class=\"\">O armonie perfect\u0103 \u00eentre texturi \u0219i arome! Ciocolata de cas\u0103 neagr\u0103 \u0219i alb\u0103, a\u0219ezat\u0103 \u00eentre foi crocante de napolitan\u0103, \u00ee\u021bi ofer\u0103 un contrast delicios \u00eentre intensitatea ciocolatei \u0219i fine\u021bea stratului alb, \u00eembr\u0103\u021bi\u0219ate de savoarea napolitanei. Fiecare mu\u0219c\u0103tur\u0103 este o combina\u021bie echilibrat\u0103 de cremos \u0219i crocant, dulce \u0219i u\u0219or am\u0103rui, aduc\u00e2nd aminte de dulciurile tradi\u021bionale preg\u0103tite cu dragoste acas\u0103. Aceast\u0103 delicates\u0103 artizanal\u0103 este perfect\u0103 pentru momentele \u00een care vrei s\u0103 te r\u0103sfe\u021bi cu ceva special \u0219i autentic!<\/div>\n<\/div>","protected":false},"excerpt":{"rendered":"<div class=\"\">\n<div class=\"\">O armonie perfect\u0103 \u00eentre texturi \u0219i arome! Ciocolata de cas\u0103 neagr\u0103 \u0219i alb\u0103, a\u0219ezat\u0103 \u00eentre foi crocante de napolitan\u0103, \u00ee\u021bi ofer\u0103 un contrast delicios \u00eentre intensitatea ciocolatei \u0219i fine\u021bea stratului alb, \u00eembr\u0103\u021bi\u0219ate de savoarea napolitanei. Fiecare mu\u0219c\u0103tur\u0103 este o combina\u021bie echilibrat\u0103 de cremos \u0219i crocant, dulce \u0219i u\u0219or am\u0103rui, aduc\u00e2nd aminte de dulciurile tradi\u021bionale preg\u0103tite cu dragoste acas\u0103. Aceast\u0103 delicates\u0103 artizanal\u0103 este perfect\u0103 pentru momentele \u00een care vrei s\u0103 te r\u0103sfe\u021bi cu ceva special \u0219i autentic!<\/div>\n<\/div>","protected":false},"featured_media":44351,"comment_status":"open","ping_status":"closed","template":"","meta":{"_monsterinsights_skip_tracking":false,"_monsterinsights_sitenote_active":false,"_monsterinsights_sitenote_note":"","_monsterinsights_sitenote_category":0},"product_cat":[285,199],"product_tag":[210,212,211,209],"class_list":{"0":"post-44348","1":"product","2":"type-product","3":"status-publish","4":"has-post-thumbnail","6":"product_cat-cake-boxes","7":"product_cat-miniatures","8":"product_tag-berry","9":"product_tag-chocolate","10":"product_tag-cream","11":"product_tag-sweets","13":"first","14":"instock","15":"shipping-taxable","16":"purchasable","17":"product-type-variable"},"aioseo_notices":[],"_links":{"self":[{"href":"https:\/\/elliescakes.uk\/ro\/wp-json\/wp\/v2\/product\/44348","targetHints":{"allow":["GET"]}}],"collection":[{"href":"https:\/\/elliescakes.uk\/ro\/wp-json\/wp\/v2\/product"}],"about":[{"href":"https:\/\/elliescakes.uk\/ro\/wp-json\/wp\/v2\/types\/product"}],"replies":[{"embeddable":true,"href":"https:\/\/elliescakes.uk\/ro\/wp-json\/wp\/v2\/comments?post=44348"}],"wp:featuredmedia":[{"embeddable":true,"href":"https:\/\/elliescakes.uk\/ro\/wp-json\/wp\/v2\/media\/44351"}],"wp:attachment":[{"href":"https:\/\/elliescakes.uk\/ro\/wp-json\/wp\/v2\/media?parent=44348"}],"wp:term":[{"taxonomy":"product_cat","embeddable":true,"href":"https:\/\/elliescakes.uk\/ro\/wp-json\/wp\/v2\/product_cat?post=44348"},{"taxonomy":"product_tag","embeddable":true,"href":"https:\/\/elliescakes.uk\/ro\/wp-json\/wp\/v2\/product_tag?post=44348"}],"curies":[{"name":"wp","href":"https:\/\/api.w.org\/{rel}","templated":true}]}}