{"id":44373,"date":"2025-03-06T15:54:44","date_gmt":"2025-03-06T15:54:44","guid":{"rendered":"https:\/\/elliescakes.uk\/?post_type=product&#038;p=44373"},"modified":"2025-09-24T11:14:59","modified_gmt":"2025-09-24T10:14:59","slug":"tosca-petit-four","status":"publish","type":"product","link":"https:\/\/elliescakes.uk\/ro\/produs\/tosca-petit-four\/","title":{"rendered":"Pr\u0103jitura Tosca"},"content":{"rendered":"<div class=\"\">\n<div class=\"\">Elegan\u021b\u0103 \u0219i rafinament \u00eentr-un desert spectaculos!\u201d Pr\u0103jitura Tosca este un adev\u0103rat deliciu, perfect echilibrat \u00eentre texturi \u0219i arome. Blatul pufos cu mac adaug\u0103 o not\u0103 delicat\u0103 de crocant, completat de un strat fin de crem\u0103 de vanilie catifelat\u0103. Glazura de ciocolat\u0103 des\u0103v\u00e2r\u0219e\u0219te acest desert rafinat, oferindu-i un gust bogat \u0219i irezistibil. Fiecare mu\u0219c\u0103tur\u0103 este o combina\u021bie armonioas\u0103 \u00eentre cremos si ciocolatos \u2013 o pr\u0103jitur\u0103 care \u00eembin\u0103 tradi\u021bia cu elegan\u021ba!<\/div>\n<\/div>","protected":false},"excerpt":{"rendered":"<div class=\"\">\n<div class=\"\">Elegan\u021b\u0103 \u0219i rafinament \u00eentr-un desert spectaculos!\u201d Pr\u0103jitura Tosca este un adev\u0103rat deliciu, perfect echilibrat \u00eentre texturi \u0219i arome. Blatul pufos cu mac adaug\u0103 o not\u0103 delicat\u0103 de crocant, completat de un strat fin de crem\u0103 de vanilie catifelat\u0103. Glazura de ciocolat\u0103 des\u0103v\u00e2r\u0219e\u0219te acest desert rafinat, oferindu-i un gust bogat \u0219i irezistibil. Fiecare mu\u0219c\u0103tur\u0103 este o combina\u021bie armonioas\u0103 \u00eentre cremos si ciocolatos \u2013 o pr\u0103jitur\u0103 care \u00eembin\u0103 tradi\u021bia cu elegan\u021ba!<\/div>\n<\/div>","protected":false},"featured_media":44384,"comment_status":"open","ping_status":"closed","template":"","meta":{"_monsterinsights_skip_tracking":false,"_monsterinsights_sitenote_active":false,"_monsterinsights_sitenote_note":"","_monsterinsights_sitenote_category":0},"product_cat":[285,199],"product_tag":[],"class_list":{"0":"post-44373","1":"product","2":"type-product","3":"status-publish","4":"has-post-thumbnail","6":"product_cat-cake-boxes","7":"product_cat-miniatures","9":"first","10":"instock","11":"shipping-taxable","12":"purchasable","13":"product-type-variable"},"aioseo_notices":[],"_links":{"self":[{"href":"https:\/\/elliescakes.uk\/ro\/wp-json\/wp\/v2\/product\/44373","targetHints":{"allow":["GET"]}}],"collection":[{"href":"https:\/\/elliescakes.uk\/ro\/wp-json\/wp\/v2\/product"}],"about":[{"href":"https:\/\/elliescakes.uk\/ro\/wp-json\/wp\/v2\/types\/product"}],"replies":[{"embeddable":true,"href":"https:\/\/elliescakes.uk\/ro\/wp-json\/wp\/v2\/comments?post=44373"}],"wp:featuredmedia":[{"embeddable":true,"href":"https:\/\/elliescakes.uk\/ro\/wp-json\/wp\/v2\/media\/44384"}],"wp:attachment":[{"href":"https:\/\/elliescakes.uk\/ro\/wp-json\/wp\/v2\/media?parent=44373"}],"wp:term":[{"taxonomy":"product_cat","embeddable":true,"href":"https:\/\/elliescakes.uk\/ro\/wp-json\/wp\/v2\/product_cat?post=44373"},{"taxonomy":"product_tag","embeddable":true,"href":"https:\/\/elliescakes.uk\/ro\/wp-json\/wp\/v2\/product_tag?post=44373"}],"curies":[{"name":"wp","href":"https:\/\/api.w.org\/{rel}","templated":true}]}}