{"id":44379,"date":"2025-03-06T15:56:50","date_gmt":"2025-03-06T15:56:50","guid":{"rendered":"https:\/\/elliescakes.uk\/?post_type=product&#038;p=44379"},"modified":"2025-09-24T11:14:49","modified_gmt":"2025-09-24T10:14:49","slug":"imperial-petit-four","status":"publish","type":"product","link":"https:\/\/elliescakes.uk\/ro\/produs\/imperial-petit-four\/","title":{"rendered":"Pr\u0103jitura Imperial\u0103"},"content":{"rendered":"<div class=\"\">\n<div class=\"\">\u201cUn desert regal cu arome sofisticate!\u201d Pr\u0103jitura Imperial\u0103 impresioneaz\u0103 prin combina\u021bia sa perfect\u0103 de straturi fine \u0219i gusturi rafinate. Blatul pufos cu nuc\u0103 se \u00eembin\u0103 armonios cu stratul de nuca prajita si crema fin\u0103 de vanilie, iar stratul generos de glazur\u0103 de ciocolat\u0103 adaug\u0103 un plus de elegan\u021b\u0103 \u0219i savoare. Fiecare buc\u0103\u021bic\u0103 este o explozie de texturi \u2013 moale, cremos \u0219i ciocolatos \u2013 transform\u00e2nd acest desert \u00eentr-o adev\u0103rat\u0103 experien\u021b\u0103 regal\u0103. Ideal\u0103 pentru ocazii speciale sau pentru momentele \u00een care vrei s\u0103 te r\u0103sfe\u021bi cu ceva deosebit!<\/div>\n<\/div>","protected":false},"excerpt":{"rendered":"<div class=\"\">\n<div class=\"\">\u201cUn desert regal cu arome sofisticate!\u201d Pr\u0103jitura Imperial\u0103 impresioneaz\u0103 prin combina\u021bia sa perfect\u0103 de straturi fine \u0219i gusturi rafinate. Blatul pufos cu nuc\u0103 se \u00eembin\u0103 armonios cu stratul de nuca prajita si crema fin\u0103 de vanilie, iar stratul generos de glazur\u0103 de ciocolat\u0103 adaug\u0103 un plus de elegan\u021b\u0103 \u0219i savoare. Fiecare buc\u0103\u021bic\u0103 este o explozie de texturi \u2013 moale, cremos \u0219i ciocolatos \u2013 transform\u00e2nd acest desert \u00eentr-o adev\u0103rat\u0103 experien\u021b\u0103 regal\u0103. Ideal\u0103 pentru ocazii speciale sau pentru momentele \u00een care vrei s\u0103 te r\u0103sfe\u021bi cu ceva deosebit!<\/div>\n<\/div>","protected":false},"featured_media":44377,"comment_status":"open","ping_status":"closed","template":"","meta":{"_monsterinsights_skip_tracking":false,"_monsterinsights_sitenote_active":false,"_monsterinsights_sitenote_note":"","_monsterinsights_sitenote_category":0},"product_cat":[285,199],"product_tag":[],"class_list":{"0":"post-44379","1":"product","2":"type-product","3":"status-publish","4":"has-post-thumbnail","6":"product_cat-cake-boxes","7":"product_cat-miniatures","9":"first","10":"instock","11":"shipping-taxable","12":"purchasable","13":"product-type-variable"},"aioseo_notices":[],"_links":{"self":[{"href":"https:\/\/elliescakes.uk\/ro\/wp-json\/wp\/v2\/product\/44379","targetHints":{"allow":["GET"]}}],"collection":[{"href":"https:\/\/elliescakes.uk\/ro\/wp-json\/wp\/v2\/product"}],"about":[{"href":"https:\/\/elliescakes.uk\/ro\/wp-json\/wp\/v2\/types\/product"}],"replies":[{"embeddable":true,"href":"https:\/\/elliescakes.uk\/ro\/wp-json\/wp\/v2\/comments?post=44379"}],"wp:featuredmedia":[{"embeddable":true,"href":"https:\/\/elliescakes.uk\/ro\/wp-json\/wp\/v2\/media\/44377"}],"wp:attachment":[{"href":"https:\/\/elliescakes.uk\/ro\/wp-json\/wp\/v2\/media?parent=44379"}],"wp:term":[{"taxonomy":"product_cat","embeddable":true,"href":"https:\/\/elliescakes.uk\/ro\/wp-json\/wp\/v2\/product_cat?post=44379"},{"taxonomy":"product_tag","embeddable":true,"href":"https:\/\/elliescakes.uk\/ro\/wp-json\/wp\/v2\/product_tag?post=44379"}],"curies":[{"name":"wp","href":"https:\/\/api.w.org\/{rel}","templated":true}]}}