{"id":44385,"date":"2025-03-06T16:00:23","date_gmt":"2025-03-06T16:00:23","guid":{"rendered":"https:\/\/elliescakes.uk\/?post_type=product&#038;p=44385"},"modified":"2025-09-24T11:14:39","modified_gmt":"2025-09-24T10:14:39","slug":"krantz-petit-four","status":"publish","type":"product","link":"https:\/\/elliescakes.uk\/ro\/produs\/krantz-petit-four\/","title":{"rendered":"Pr\u0103jitura Krantz"},"content":{"rendered":"<div class=\"\">\n<div class=\"\">\u201cUn desert rafinat, cu un gust de neuitat!\u201d Pr\u0103jitura Krantz este o combina\u021bie irezistibil\u0103 de texturi \u0219i arome, unde blaturile fine \u0219i pufoase sunt completate de o crem\u0103 delicat\u0103 de vanilie. Nuca caramelizat\u0103 adaug\u0103 un contrast crocant \u0219i o dulcea\u021b\u0103 subtil\u0103, transform\u00e2nd fiecare mu\u0219c\u0103tur\u0103 \u00eentr-o adev\u0103rat\u0103 experien\u021b\u0103 gustativ\u0103. Fie c\u0103 o savurezi la o ocazie special\u0103 sau pur \u0219i simplu pentru a-\u021bi r\u0103sf\u0103\u021ba sim\u021burile, aceast\u0103 pr\u0103jitur\u0103 elegant\u0103 \u00ee\u021bi va cuceri inima cu savoarea sa unic\u0103!<\/div>\n<\/div>","protected":false},"excerpt":{"rendered":"<div class=\"\">\n<div class=\"\">\u201cUn desert rafinat, cu un gust de neuitat!\u201d Pr\u0103jitura Krantz este o combina\u021bie irezistibil\u0103 de texturi \u0219i arome, unde blaturile fine \u0219i pufoase sunt completate de o crem\u0103 delicat\u0103 de vanilie. Nuca caramelizat\u0103 adaug\u0103 un contrast crocant \u0219i o dulcea\u021b\u0103 subtil\u0103, transform\u00e2nd fiecare mu\u0219c\u0103tur\u0103 \u00eentr-o adev\u0103rat\u0103 experien\u021b\u0103 gustativ\u0103. Fie c\u0103 o savurezi la o ocazie special\u0103 sau pur \u0219i simplu pentru a-\u021bi r\u0103sf\u0103\u021ba sim\u021burile, aceast\u0103 pr\u0103jitur\u0103 elegant\u0103 \u00ee\u021bi va cuceri inima cu savoarea sa unic\u0103!<\/div>\n<\/div>","protected":false},"featured_media":44390,"comment_status":"open","ping_status":"closed","template":"","meta":{"_monsterinsights_skip_tracking":false,"_monsterinsights_sitenote_active":false,"_monsterinsights_sitenote_note":"","_monsterinsights_sitenote_category":0},"product_cat":[285,198,199],"product_tag":[],"class_list":{"0":"post-44385","1":"product","2":"type-product","3":"status-publish","4":"has-post-thumbnail","6":"product_cat-cake-boxes","7":"product_cat-chocolate","8":"product_cat-miniatures","10":"first","11":"instock","12":"shipping-taxable","13":"purchasable","14":"product-type-variable"},"aioseo_notices":[],"_links":{"self":[{"href":"https:\/\/elliescakes.uk\/ro\/wp-json\/wp\/v2\/product\/44385","targetHints":{"allow":["GET"]}}],"collection":[{"href":"https:\/\/elliescakes.uk\/ro\/wp-json\/wp\/v2\/product"}],"about":[{"href":"https:\/\/elliescakes.uk\/ro\/wp-json\/wp\/v2\/types\/product"}],"replies":[{"embeddable":true,"href":"https:\/\/elliescakes.uk\/ro\/wp-json\/wp\/v2\/comments?post=44385"}],"wp:featuredmedia":[{"embeddable":true,"href":"https:\/\/elliescakes.uk\/ro\/wp-json\/wp\/v2\/media\/44390"}],"wp:attachment":[{"href":"https:\/\/elliescakes.uk\/ro\/wp-json\/wp\/v2\/media?parent=44385"}],"wp:term":[{"taxonomy":"product_cat","embeddable":true,"href":"https:\/\/elliescakes.uk\/ro\/wp-json\/wp\/v2\/product_cat?post=44385"},{"taxonomy":"product_tag","embeddable":true,"href":"https:\/\/elliescakes.uk\/ro\/wp-json\/wp\/v2\/product_tag?post=44385"}],"curies":[{"name":"wp","href":"https:\/\/api.w.org\/{rel}","templated":true}]}}