{"id":44429,"date":"2025-03-24T12:36:51","date_gmt":"2025-03-24T12:36:51","guid":{"rendered":"https:\/\/elliescakes.uk\/?post_type=product&#038;p=44429"},"modified":"2026-03-24T14:15:40","modified_gmt":"2026-03-24T14:15:40","slug":"tender-walnut-shaped-cookies-1kg","status":"publish","type":"product","link":"https:\/\/elliescakes.uk\/ro\/produs\/tender-walnut-shaped-cookies-1kg\/","title":{"rendered":"Nuci fragede umplute crem\u0103 fin\u0103 de cacao \u0219i biscui\u021bi"},"content":{"rendered":"<div class=\"\">\n<div class=\"\">\n<p>Nuci fragede, umplute cu o crem\u0103 fin\u0103 de cacao \u0219i biscui\u021bi \u2013 un deliciu de neuitat!<\/p>\n<p>Aromate, crocante la exterior \u0219i cremoase la interior, aceste nuci dulci sunt preparate cu drag, exact ca acas\u0103. Fie c\u0103 vrei s\u0103 \u00ee\u021bi \u00eendulce\u0219ti ziua sau s\u0103 surprinzi pe cineva drag, sunt alegerea perfect\u0103 pentru orice ocazie!<\/p>\n<p>Comand\u0103 acum \u0219i bucur\u0103-te de un gust autentic \u0219i irezistibil!<\/p>\n<\/div>\n<\/div>","protected":false},"excerpt":{"rendered":"<div class=\"\">\n<div class=\"\">\n<p>Nuci fragede, umplute cu o crem\u0103 fin\u0103 de cacao \u0219i biscui\u021bi \u2013 un deliciu de neuitat!<\/p>\n<p>Aromate, crocante la exterior \u0219i cremoase la interior, aceste nuci dulci sunt preparate cu drag, exact ca acas\u0103. Fie c\u0103 vrei s\u0103 \u00ee\u021bi \u00eendulce\u0219ti ziua sau s\u0103 surprinzi pe cineva drag, sunt alegerea perfect\u0103 pentru orice ocazie!<\/p>\n<p>Comand\u0103 acum \u0219i bucur\u0103-te de un gust autentic \u0219i irezistibil!<\/p>\n<\/div>\n<\/div>","protected":false},"featured_media":44431,"comment_status":"open","ping_status":"closed","template":"","meta":{"_monsterinsights_skip_tracking":false,"_monsterinsights_sitenote_active":false,"_monsterinsights_sitenote_note":"","_monsterinsights_sitenote_category":0},"product_cat":[285,199],"product_tag":[],"class_list":{"0":"post-44429","1":"product","2":"type-product","3":"status-publish","4":"has-post-thumbnail","6":"product_cat-cake-boxes","7":"product_cat-miniatures","9":"first","10":"instock","11":"shipping-taxable","12":"purchasable","13":"product-type-simple"},"aioseo_notices":[],"_links":{"self":[{"href":"https:\/\/elliescakes.uk\/ro\/wp-json\/wp\/v2\/product\/44429","targetHints":{"allow":["GET"]}}],"collection":[{"href":"https:\/\/elliescakes.uk\/ro\/wp-json\/wp\/v2\/product"}],"about":[{"href":"https:\/\/elliescakes.uk\/ro\/wp-json\/wp\/v2\/types\/product"}],"replies":[{"embeddable":true,"href":"https:\/\/elliescakes.uk\/ro\/wp-json\/wp\/v2\/comments?post=44429"}],"wp:featuredmedia":[{"embeddable":true,"href":"https:\/\/elliescakes.uk\/ro\/wp-json\/wp\/v2\/media\/44431"}],"wp:attachment":[{"href":"https:\/\/elliescakes.uk\/ro\/wp-json\/wp\/v2\/media?parent=44429"}],"wp:term":[{"taxonomy":"product_cat","embeddable":true,"href":"https:\/\/elliescakes.uk\/ro\/wp-json\/wp\/v2\/product_cat?post=44429"},{"taxonomy":"product_tag","embeddable":true,"href":"https:\/\/elliescakes.uk\/ro\/wp-json\/wp\/v2\/product_tag?post=44429"}],"curies":[{"name":"wp","href":"https:\/\/api.w.org\/{rel}","templated":true}]}}