{"id":44432,"date":"2025-03-24T12:40:01","date_gmt":"2025-03-24T12:40:01","guid":{"rendered":"https:\/\/elliescakes.uk\/?post_type=product&#038;p=44432"},"modified":"2026-03-24T14:15:27","modified_gmt":"2026-03-24T14:15:27","slug":"tender-walnut-shaped-cookies-1kg-2","status":"publish","type":"product","link":"https:\/\/elliescakes.uk\/ro\/produs\/tender-walnut-shaped-cookies-1kg-2\/","title":{"rendered":"Nuci fragede umplute crem\u0103 fin\u0103 de cacao \u0219i biscui\u021bi"},"content":{"rendered":"<div class=\"\">\n<div class=\"\">\n<p>Nucile fragede, umplute cu o crem\u0103 fin\u0103 din fri\u0219c\u0103 \u0219i nuc\u0103 m\u0103cinat\u0103, sunt desertul perfect pentru momentele dulci din via\u021ba ta. Textura crocant\u0103 se \u00eembin\u0103 armonios cu umplutura cremoas\u0103, oferindu-\u021bi o experien\u021b\u0103 de neuitat la fiecare mu\u0219c\u0103tur\u0103.\n\nComand\u0103 acum \u0219i bucur\u0103-te de un gust autentic, preg\u0103tit cu drag!<\/p>\n<p>Order now and enjoy an authentic homemade delight!<\/p>\n<\/div>\n<\/div>","protected":false},"excerpt":{"rendered":"<div class=\"\">\n<div class=\"\">\n<p>Nucile fragede, umplute cu o crem\u0103 fin\u0103 din fri\u0219c\u0103 \u0219i nuc\u0103 m\u0103cinat\u0103, sunt desertul perfect pentru momentele dulci din via\u021ba ta. Textura crocant\u0103 se \u00eembin\u0103 armonios cu umplutura cremoas\u0103, oferindu-\u021bi o experien\u021b\u0103 de neuitat la fiecare mu\u0219c\u0103tur\u0103.\n\nComand\u0103 acum \u0219i bucur\u0103-te de un gust autentic, preg\u0103tit cu drag!<\/p>\n<p>Order now and enjoy an authentic homemade delight!<\/p>\n<\/div>\n<\/div>","protected":false},"featured_media":44433,"comment_status":"open","ping_status":"closed","template":"","meta":{"_monsterinsights_skip_tracking":false,"_monsterinsights_sitenote_active":false,"_monsterinsights_sitenote_note":"","_monsterinsights_sitenote_category":0},"product_cat":[285,199],"product_tag":[],"class_list":{"0":"post-44432","1":"product","2":"type-product","3":"status-publish","4":"has-post-thumbnail","6":"product_cat-cake-boxes","7":"product_cat-miniatures","9":"first","10":"instock","11":"shipping-taxable","12":"purchasable","13":"product-type-simple"},"aioseo_notices":[],"_links":{"self":[{"href":"https:\/\/elliescakes.uk\/ro\/wp-json\/wp\/v2\/product\/44432","targetHints":{"allow":["GET"]}}],"collection":[{"href":"https:\/\/elliescakes.uk\/ro\/wp-json\/wp\/v2\/product"}],"about":[{"href":"https:\/\/elliescakes.uk\/ro\/wp-json\/wp\/v2\/types\/product"}],"replies":[{"embeddable":true,"href":"https:\/\/elliescakes.uk\/ro\/wp-json\/wp\/v2\/comments?post=44432"}],"wp:featuredmedia":[{"embeddable":true,"href":"https:\/\/elliescakes.uk\/ro\/wp-json\/wp\/v2\/media\/44433"}],"wp:attachment":[{"href":"https:\/\/elliescakes.uk\/ro\/wp-json\/wp\/v2\/media?parent=44432"}],"wp:term":[{"taxonomy":"product_cat","embeddable":true,"href":"https:\/\/elliescakes.uk\/ro\/wp-json\/wp\/v2\/product_cat?post=44432"},{"taxonomy":"product_tag","embeddable":true,"href":"https:\/\/elliescakes.uk\/ro\/wp-json\/wp\/v2\/product_tag?post=44432"}],"curies":[{"name":"wp","href":"https:\/\/api.w.org\/{rel}","templated":true}]}}